{"id":12564,"date":"2023-01-16T05:10:02","date_gmt":"2023-01-16T04:10:02","guid":{"rendered":"https:\/\/www.captourist.com\/?post_type=product&#038;p=12564"},"modified":"2024-04-15T21:27:08","modified_gmt":"2024-04-15T19:27:08","slug":"reserva-sesion-30-minutos-2024","status":"publish","type":"product","link":"https:\/\/www.captourist.com\/es\/product\/reserva-sesion-30-minutos-2024\/","title":{"rendered":"RESERVA SESI\u00d3N 30 MINUTOS 2024"},"content":{"rendered":"<p>* Una vez recibida la confirmaci\u00f3n de reserva te conectaremos con tu fot\u00f3grafo para continuar con la planificaci\u00f3n de tu sesi\u00f3n.<\/p>\n<h3><b>Tu sesi\u00f3n de 30 MINUTOS incluye:<\/b><\/h3>\n<p>\u27aa Contacto con tu fot\u00f3grafo para elegir el lugar ideal y la hora perfecta.<br \/>\n\u27aa Asistencia personalizada via Whatsapp para resolver tus dudas.<br \/>\n\u27aa Tips y consejos para disfrutar al m\u00e1ximo la experiencia.<br \/>\n\u27aa Una experiencia inolvidable.<\/p>\n<p>&nbsp;<\/p>\n<p>&nbsp;<\/p>\n<p><span style=\"color: #800080;\"><a href=\"https:\/\/www.captourist.com\/es\/terms-and-conditions\/\">Cancelaci\u00f3n<\/a> 7 d\u00edas previos a la sesi\u00f3n fotogr\u00e1fica.\u00a0<\/span><\/p>\n","protected":false},"excerpt":{"rendered":"<p><span style=\"color: #800080;\">El precio incluye solo prepago.<\/span><\/p>\n<p><span style=\"color: #800080;\">Pagar\u00e1s los <strong>\u00a0\u20ac90 EUR<\/strong>\u00a0restantes al fot\u00f3grafo el d\u00eda de la sesi\u00f3n de fotogr\u00e1fica.\u00a0<\/span><\/p>\n<p>Incluye:<\/p>\n<p>\u27aa Sesi\u00f3n privada de 30 minutos con tu fot\u00f3grafo profesional.<\/p>\n<p>\u27aa 1 ubicaci\u00f3n.<\/p>\n<p>\u27aa TODAS las fotos (+100) entregadas para descargar.<\/p>\n<p>\u27aa 15 im\u00e1genes favoritas con edici\u00f3n especial.<\/p>\n<p>\u27aa Galer\u00eda digital 3-5 d\u00edas despu\u00e9s de su sesi\u00f3n<\/p>\n<p>\u27aa 1-4 personas<span class=\"Apple-converted-space\">\u00a0<\/span><\/p>\n<p>\u27aa 80 \u20ac adicionales para sesiones de noche.<\/p>\n<p>&nbsp;<\/p>\n<p>\u00bfPor qu\u00e9 reservar una sesi\u00f3n de fotogr\u00e1fica con <a href=\"https:\/\/www.captourist.com\/es\/reserva\/\">CAPTOURIST<\/a>? Capturamos tu memorias de viaje que se quedar\u00e1n contigo por siempre. CAPTOURIST es la mejor manera de capturar hermosas fotograf\u00edas en los lugares m\u00e1s ic\u00f3nicos del mundo. En compa\u00f1ia de nuestros fot\u00f3grafos locales, que te mostrar\u00e1n lugares m\u00e1gicos y ocultos en la ciudad donde viven.<\/p>\n[mkdf_button size=\"\" type=\"\" text=\"PAY CARD\" custom_class=\"\" icon_pack=\"font_awesome\" fa_icon=\"\" link=\"https:\/\/buy.stripe.com\/eVa3cva3r5BTaoo14u\" target=\"_self\" color=\"eacec6\" hover_color=\"a56756\" background_color=\"a56756\" hover_background_color=\"a56756\" border_color=\"\" hover_border_color=\"\" font_size=\"\" font_weight=\"\" margin=\"\"]\n<p>&nbsp;<\/p>\n","protected":false},"featured_media":13026,"template":"","meta":[],"product_brand":[],"product_cat":[333],"product_tag":[341,340],"class_list":{"0":"post-12564","1":"product","2":"type-product","3":"status-publish","4":"has-post-thumbnail","6":"product_cat-paquetes","7":"product_tag-fotografo-de-viaje","8":"product_tag-paquete-30-minutos","10":"first","11":"instock","12":"taxable","13":"shipping-taxable","14":"purchasable","15":"product-type-simple"},"yoast_head":"<!-- This site is optimized with the Yoast SEO plugin v25.2 - https:\/\/yoast.com\/wordpress\/plugins\/seo\/ -->\n<title>RESERVA SESI\u00d3N 30 MINUTOS 2024 - Captourist<\/title>\n<meta name=\"description\" content=\"Reserva una sesi\u00f3n de fotos de 30 MINUTOS con un fot\u00f3grafo profesional que hable espa\u00f1ol. Lleva a casa el mejor recuerdo de tu viaje.\" \/>\n<meta name=\"robots\" content=\"index, follow, max-snippet:-1, max-image-preview:large, max-video-preview:-1\" \/>\n<link rel=\"canonical\" href=\"https:\/\/www.captourist.com\/es\/product\/reserva-sesion-30-minutos-2024\/\" \/>\n<meta property=\"og:locale\" content=\"es_ES\" \/>\n<meta property=\"og:type\" content=\"article\" \/>\n<meta property=\"og:title\" content=\"RESERVA SESI\u00d3N 30 MINUTOS 2024 - Captourist\" \/>\n<meta property=\"og:description\" content=\"Reserva una sesi\u00f3n de fotos de 30 MINUTOS con un fot\u00f3grafo profesional que hable espa\u00f1ol. Lleva a casa el mejor recuerdo de tu viaje.\" \/>\n<meta property=\"og:url\" content=\"https:\/\/www.captourist.com\/es\/product\/reserva-sesion-30-minutos-2024\/\" \/>\n<meta property=\"og:site_name\" content=\"Captourist\" \/>\n<meta property=\"article:publisher\" content=\"https:\/\/www.facebook.com\/captourist\/\" \/>\n<meta property=\"article:modified_time\" content=\"2024-04-15T19:27:08+00:00\" \/>\n<meta property=\"og:image\" content=\"https:\/\/www.captourist.com\/wp-content\/uploads\/2023\/03\/30-minutes-photoshoot.jpg\" \/>\n\t<meta property=\"og:image:width\" content=\"480\" \/>\n\t<meta property=\"og:image:height\" content=\"736\" \/>\n\t<meta property=\"og:image:type\" content=\"image\/jpeg\" \/>\n<meta name=\"twitter:card\" content=\"summary_large_image\" \/>\n<meta name=\"twitter:site\" content=\"@captourist\" \/>\n<meta name=\"twitter:label1\" content=\"Tiempo de lectura\" \/>\n\t<meta name=\"twitter:data1\" content=\"1 minuto\" \/>\n<script type=\"application\/ld+json\" class=\"yoast-schema-graph\">{\"@context\":\"https:\/\/schema.org\",\"@graph\":[{\"@type\":\"WebPage\",\"@id\":\"https:\/\/www.captourist.com\/es\/product\/reserva-sesion-30-minutos-2024\/\",\"url\":\"https:\/\/www.captourist.com\/es\/product\/reserva-sesion-30-minutos-2024\/\",\"name\":\"RESERVA SESI\u00d3N 30 MINUTOS 2024 - Captourist\",\"isPartOf\":{\"@id\":\"https:\/\/www.captourist.com\/#website\"},\"primaryImageOfPage\":{\"@id\":\"https:\/\/www.captourist.com\/es\/product\/reserva-sesion-30-minutos-2024\/#primaryimage\"},\"image\":{\"@id\":\"https:\/\/www.captourist.com\/es\/product\/reserva-sesion-30-minutos-2024\/#primaryimage\"},\"thumbnailUrl\":\"https:\/\/www.captourist.com\/wp-content\/uploads\/2023\/03\/30-minutes-photoshoot.jpg\",\"datePublished\":\"2023-01-16T04:10:02+00:00\",\"dateModified\":\"2024-04-15T19:27:08+00:00\",\"description\":\"Reserva una sesi\u00f3n de fotos de 30 MINUTOS con un fot\u00f3grafo profesional que hable espa\u00f1ol. Lleva a casa el mejor recuerdo de tu viaje.\",\"breadcrumb\":{\"@id\":\"https:\/\/www.captourist.com\/es\/product\/reserva-sesion-30-minutos-2024\/#breadcrumb\"},\"inLanguage\":\"es\",\"potentialAction\":[{\"@type\":\"ReadAction\",\"target\":[\"https:\/\/www.captourist.com\/es\/product\/reserva-sesion-30-minutos-2024\/\"]}]},{\"@type\":\"ImageObject\",\"inLanguage\":\"es\",\"@id\":\"https:\/\/www.captourist.com\/es\/product\/reserva-sesion-30-minutos-2024\/#primaryimage\",\"url\":\"https:\/\/www.captourist.com\/wp-content\/uploads\/2023\/03\/30-minutes-photoshoot.jpg\",\"contentUrl\":\"https:\/\/www.captourist.com\/wp-content\/uploads\/2023\/03\/30-minutes-photoshoot.jpg\",\"width\":480,\"height\":736},{\"@type\":\"BreadcrumbList\",\"@id\":\"https:\/\/www.captourist.com\/es\/product\/reserva-sesion-30-minutos-2024\/#breadcrumb\",\"itemListElement\":[{\"@type\":\"ListItem\",\"position\":1,\"name\":\"Home\",\"item\":\"https:\/\/www.captourist.com\/es\/\"},{\"@type\":\"ListItem\",\"position\":2,\"name\":\"Shop\",\"item\":\"https:\/\/www.captourist.com\/shop\/\"},{\"@type\":\"ListItem\",\"position\":3,\"name\":\"RESERVA SESI\u00d3N 30 MINUTOS 2024\"}]},{\"@type\":\"WebSite\",\"@id\":\"https:\/\/www.captourist.com\/#website\",\"url\":\"https:\/\/www.captourist.com\/\",\"name\":\"Captourist\",\"description\":\"Book a professional photographer in Europe\",\"publisher\":{\"@id\":\"https:\/\/www.captourist.com\/#organization\"},\"potentialAction\":[{\"@type\":\"SearchAction\",\"target\":{\"@type\":\"EntryPoint\",\"urlTemplate\":\"https:\/\/www.captourist.com\/?s={search_term_string}\"},\"query-input\":{\"@type\":\"PropertyValueSpecification\",\"valueRequired\":true,\"valueName\":\"search_term_string\"}}],\"inLanguage\":\"es\"},{\"@type\":\"Organization\",\"@id\":\"https:\/\/www.captourist.com\/#organization\",\"name\":\"Captourist\",\"url\":\"https:\/\/www.captourist.com\/\",\"logo\":{\"@type\":\"ImageObject\",\"inLanguage\":\"es\",\"@id\":\"https:\/\/www.captourist.com\/#\/schema\/logo\/image\/\",\"url\":\"https:\/\/www.captourist.com\/wp-content\/uploads\/2016\/04\/cropped-LOGOsite.png\",\"contentUrl\":\"https:\/\/www.captourist.com\/wp-content\/uploads\/2016\/04\/cropped-LOGOsite.png\",\"width\":512,\"height\":512,\"caption\":\"Captourist\"},\"image\":{\"@id\":\"https:\/\/www.captourist.com\/#\/schema\/logo\/image\/\"},\"sameAs\":[\"https:\/\/www.facebook.com\/captourist\/\",\"https:\/\/x.com\/captourist\",\"https:\/\/www.instagram.com\/hola.captourist\/\"]}]}<\/script>\n<!-- \/ Yoast SEO plugin. -->","yoast_head_json":{"title":"RESERVA SESI\u00d3N 30 MINUTOS 2024 - Captourist","description":"Reserva una sesi\u00f3n de fotos de 30 MINUTOS con un fot\u00f3grafo profesional que hable espa\u00f1ol. Lleva a casa el mejor recuerdo de tu viaje.","robots":{"index":"index","follow":"follow","max-snippet":"max-snippet:-1","max-image-preview":"max-image-preview:large","max-video-preview":"max-video-preview:-1"},"canonical":"https:\/\/www.captourist.com\/es\/product\/reserva-sesion-30-minutos-2024\/","og_locale":"es_ES","og_type":"article","og_title":"RESERVA SESI\u00d3N 30 MINUTOS 2024 - Captourist","og_description":"Reserva una sesi\u00f3n de fotos de 30 MINUTOS con un fot\u00f3grafo profesional que hable espa\u00f1ol. Lleva a casa el mejor recuerdo de tu viaje.","og_url":"https:\/\/www.captourist.com\/es\/product\/reserva-sesion-30-minutos-2024\/","og_site_name":"Captourist","article_publisher":"https:\/\/www.facebook.com\/captourist\/","article_modified_time":"2024-04-15T19:27:08+00:00","og_image":[{"width":480,"height":736,"url":"https:\/\/www.captourist.com\/wp-content\/uploads\/2023\/03\/30-minutes-photoshoot.jpg","type":"image\/jpeg"}],"twitter_card":"summary_large_image","twitter_site":"@captourist","twitter_misc":{"Tiempo de lectura":"1 minuto"},"schema":{"@context":"https:\/\/schema.org","@graph":[{"@type":"WebPage","@id":"https:\/\/www.captourist.com\/es\/product\/reserva-sesion-30-minutos-2024\/","url":"https:\/\/www.captourist.com\/es\/product\/reserva-sesion-30-minutos-2024\/","name":"RESERVA SESI\u00d3N 30 MINUTOS 2024 - Captourist","isPartOf":{"@id":"https:\/\/www.captourist.com\/#website"},"primaryImageOfPage":{"@id":"https:\/\/www.captourist.com\/es\/product\/reserva-sesion-30-minutos-2024\/#primaryimage"},"image":{"@id":"https:\/\/www.captourist.com\/es\/product\/reserva-sesion-30-minutos-2024\/#primaryimage"},"thumbnailUrl":"https:\/\/www.captourist.com\/wp-content\/uploads\/2023\/03\/30-minutes-photoshoot.jpg","datePublished":"2023-01-16T04:10:02+00:00","dateModified":"2024-04-15T19:27:08+00:00","description":"Reserva una sesi\u00f3n de fotos de 30 MINUTOS con un fot\u00f3grafo profesional que hable espa\u00f1ol. Lleva a casa el mejor recuerdo de tu viaje.","breadcrumb":{"@id":"https:\/\/www.captourist.com\/es\/product\/reserva-sesion-30-minutos-2024\/#breadcrumb"},"inLanguage":"es","potentialAction":[{"@type":"ReadAction","target":["https:\/\/www.captourist.com\/es\/product\/reserva-sesion-30-minutos-2024\/"]}]},{"@type":"ImageObject","inLanguage":"es","@id":"https:\/\/www.captourist.com\/es\/product\/reserva-sesion-30-minutos-2024\/#primaryimage","url":"https:\/\/www.captourist.com\/wp-content\/uploads\/2023\/03\/30-minutes-photoshoot.jpg","contentUrl":"https:\/\/www.captourist.com\/wp-content\/uploads\/2023\/03\/30-minutes-photoshoot.jpg","width":480,"height":736},{"@type":"BreadcrumbList","@id":"https:\/\/www.captourist.com\/es\/product\/reserva-sesion-30-minutos-2024\/#breadcrumb","itemListElement":[{"@type":"ListItem","position":1,"name":"Home","item":"https:\/\/www.captourist.com\/es\/"},{"@type":"ListItem","position":2,"name":"Shop","item":"https:\/\/www.captourist.com\/shop\/"},{"@type":"ListItem","position":3,"name":"RESERVA SESI\u00d3N 30 MINUTOS 2024"}]},{"@type":"WebSite","@id":"https:\/\/www.captourist.com\/#website","url":"https:\/\/www.captourist.com\/","name":"Captourist","description":"Book a professional photographer in Europe","publisher":{"@id":"https:\/\/www.captourist.com\/#organization"},"potentialAction":[{"@type":"SearchAction","target":{"@type":"EntryPoint","urlTemplate":"https:\/\/www.captourist.com\/?s={search_term_string}"},"query-input":{"@type":"PropertyValueSpecification","valueRequired":true,"valueName":"search_term_string"}}],"inLanguage":"es"},{"@type":"Organization","@id":"https:\/\/www.captourist.com\/#organization","name":"Captourist","url":"https:\/\/www.captourist.com\/","logo":{"@type":"ImageObject","inLanguage":"es","@id":"https:\/\/www.captourist.com\/#\/schema\/logo\/image\/","url":"https:\/\/www.captourist.com\/wp-content\/uploads\/2016\/04\/cropped-LOGOsite.png","contentUrl":"https:\/\/www.captourist.com\/wp-content\/uploads\/2016\/04\/cropped-LOGOsite.png","width":512,"height":512,"caption":"Captourist"},"image":{"@id":"https:\/\/www.captourist.com\/#\/schema\/logo\/image\/"},"sameAs":["https:\/\/www.facebook.com\/captourist\/","https:\/\/x.com\/captourist","https:\/\/www.instagram.com\/hola.captourist\/"]}]}},"_links":{"self":[{"href":"https:\/\/www.captourist.com\/es\/wp-json\/wp\/v2\/product\/12564"}],"collection":[{"href":"https:\/\/www.captourist.com\/es\/wp-json\/wp\/v2\/product"}],"about":[{"href":"https:\/\/www.captourist.com\/es\/wp-json\/wp\/v2\/types\/product"}],"wp:featuredmedia":[{"embeddable":true,"href":"https:\/\/www.captourist.com\/es\/wp-json\/wp\/v2\/media\/13026"}],"wp:attachment":[{"href":"https:\/\/www.captourist.com\/es\/wp-json\/wp\/v2\/media?parent=12564"}],"wp:term":[{"taxonomy":"product_brand","embeddable":true,"href":"https:\/\/www.captourist.com\/es\/wp-json\/wp\/v2\/product_brand?post=12564"},{"taxonomy":"product_cat","embeddable":true,"href":"https:\/\/www.captourist.com\/es\/wp-json\/wp\/v2\/product_cat?post=12564"},{"taxonomy":"product_tag","embeddable":true,"href":"https:\/\/www.captourist.com\/es\/wp-json\/wp\/v2\/product_tag?post=12564"}],"curies":[{"name":"wp","href":"https:\/\/api.w.org\/{rel}","templated":true}]}}