{"id":8416,"date":"2017-04-16T14:26:33","date_gmt":"2017-04-16T12:26:33","guid":{"rendered":"https:\/\/www.captourist.com\/?page_id=8416"},"modified":"2019-01-30T11:15:05","modified_gmt":"2019-01-30T10:15:05","slug":"join-our-captourist-family","status":"publish","type":"page","link":"https:\/\/www.captourist.com\/es\/nuestra-historia\/join-our-captourist-family\/","title":{"rendered":"\u00danete a la familia Captourist"},"content":{"rendered":"<p>[vc_row][vc_column][vc_empty_space height=\u00bb52px\u00bb][\/vc_column][\/vc_row][vc_row][vc_column width=\u00bb1\/6&#8243;]<div class=\"mkdf-separator-holder clearfix  mkdf-separator-center\">\n\t<div class=\"mkdf-separator\" style=\"border-color: #a3a3a3;border-bottom-width: 1px\"><\/div>\n<\/div>\n[\/vc_column][vc_column width=\u00bb2\/3&#8243;][vc_column_text]<\/p>\n<h1 style=\"text-align: center;\">Convi\u00e9rtete en un fot\u00f3grafo local!<\/h1>\n<p>Creemos que las fotograf\u00edas espont\u00e1neas y naturales son la mejor manera de atesorar nuestros recuerdos de viaje. Debido a que la fotograf\u00eda tambi\u00e9n puede ser un pasaporte para conocer gente nueva y vivir nuevas experiencias, hemos estado capturando momentos de turistas de todo el mundo desde 2016.<\/p>\n<p><span style=\"font-weight: 400;\">Y ahora estamos buscando personas incre\u00edbles para crecer con nosotros. \u00danete a\u00a0<a href=\"https:\/\/www.captourist.com\">Captourist<\/a> y convi\u00e9rtete en un fot\u00f3grafo local para conocer gente y difundir tu trabajo en todo el mundo.<\/span>[\/vc_column_text][\/vc_column][vc_column width=\u00bb1\/6&#8243;][\/vc_column][\/vc_row][vc_row][vc_column][vc_empty_space height=\u00bb52px\u00bb][\/vc_column][\/vc_row][vc_row][vc_column][vc_empty_space height=\u00bb50px\u00bb]<div class=\"mkdf-separator-holder clearfix  mkdf-separator-center mkdf-separator-full-width\">\n\t<div class=\"mkdf-separator\" style=\"border-color: #606060;border-style: solid;border-bottom-width: 10 pxpx\"><\/div>\n<\/div>\n[vc_empty_space height=\u00bb50px\u00bb][\/vc_column][\/vc_row][vc_row][vc_column width=\u00bb1\/2&#8243;][vc_empty_space height=\u00bb50px\u00bb]<div class=\"mkdf-elements-holder mkdf-responsive-mode-768\" ><div class=\"mkdf-eh-item mkdf-horizontal-alignment-center\"   data-item-class=\"mkdf-eh-custom-655011\">\n\t<div class=\"mkdf-eh-item-inner\">\n\t\t<div class=\"mkdf-eh-item-content mkdf-eh-custom-655011\" >\n\t\t\t[vc_single_image image=\u00bb8199&#8243; img_size=\u00bbfull\u00bb]\t\t<\/div>\n\t<\/div>\n<\/div><\/div>[\/vc_column][vc_column width=\u00bb1\/2&#8243;][vc_column_text]Personalidad amigable y accesible: capacidad para hacer que las personas se sientan c\u00f3modas frente a la c\u00e1mara y dirigir la sesi\u00f3n de fotos en una experiencia divertida y atractiva.[\/vc_column_text][vc_empty_space][vc_column_text]Pasi\u00f3n y profesionalidad: solo si amas tu trabajo, reflejar\u00e1s tu competencia y compromiso con las personas que te eligieron para pasar sus vacaciones y compartir momentos m\u00e1s inolvidables.[\/vc_column_text][vc_empty_space][vc_column_text]Excelente habilidad fotogr\u00e1fica: un observador cuidadoso con la capacidad de capturar im\u00e1genes naturales y espont\u00e1neas. Nos encantan las im\u00e1genes frescas y felices que capturan la alegr\u00eda de las interacciones humanas.[\/vc_column_text][vc_empty_space][vc_column_text]Familiaridad local: amas tanto tu ciudad que no puedes esperar para mostrarle a la gente. Conoces todos los lugares fabulosos para tomarse fotos, o incluso las cafeter\u00edas locales y lugares para pasar el rato que te gustar\u00eda compartir.[\/vc_column_text][vc_empty_space][vc_column_text]Entusiasta de los idiomas: el conocimiento del ingl\u00e9s es una necesidad y el hecho de conocer varios idiomas ser\u00e1 una ventaja para ti cuando el cliente elija al fot\u00f3grafo.<\/p>\n<p>&nbsp;<\/p>\n<p>Estamos buscando fot\u00f3grafos para abrir nuevos\u00a0<a href=\"https:\/\/www.captourist.com\/es\/destinations\/\">destinos<\/a> alrededor del mundo.[\/vc_column_text][vc_empty_space][\/vc_column][\/vc_row][vc_row][vc_column][vc_empty_space height=\u00bb50px\u00bb][\/vc_column][\/vc_row][vc_row][vc_column width=\u00bb1\/6&#8243;][\/vc_column][vc_column width=\u00bb2\/3&#8243;][vc_column_text]<\/p>\n<h4 style=\"text-align: center;\"><span style=\"color: #808080;\">Si te sientes identificado, nos complace darte la bienvenida en Captourist. Esperamos conectar contigo muy pronto.<\/span><\/h4>\n<p>[\/vc_column_text][vc_empty_space height=\u00bb50px\u00bb]<div class=\"mkdf-elements-holder mkdf-responsive-mode-768\" ><div class=\"mkdf-eh-item mkdf-horizontal-alignment-center\"   data-item-class=\"mkdf-eh-custom-694253\">\n\t<div class=\"mkdf-eh-item-inner\">\n\t\t<div class=\"mkdf-eh-item-content mkdf-eh-custom-694253\" >\n\t\t\t<a href=\"https:\/\/www.captourist.com\/photographers-application\/\" target=\"_self\"  class=\"mkdf-btn mkdf-btn-medium mkdf-btn-outline mkdf-btn-hover-solid\"  >\n\t<span class=\"mkdf-btn-text\">APPLY<\/span>\n\t\n\t\t\t<span class=\"mkdf-btn-helper\" ><\/span>\n\t<\/a>\t\t<\/div>\n\t<\/div>\n<\/div><\/div>[\/vc_column][vc_column width=\u00bb1\/6&#8243;][\/vc_column][\/vc_row][vc_row][vc_column][vc_empty_space height=\u00bb50px\u00bb]<div class=\"mkdf-separator-holder clearfix  mkdf-separator-center mkdf-separator-full-width\">\n\t<div class=\"mkdf-separator\" style=\"border-color: #606060;border-style: solid;border-bottom-width: 5 pxpx\"><\/div>\n<\/div>\n[vc_empty_space height=\u00bb50px\u00bb][\/vc_column][\/vc_row][vc_row][vc_column width=\u00bb1\/6&#8243;][\/vc_column][vc_column width=\u00bb2\/3&#8243;][vc_column_text]Si ya aplicaste y requieres informaci\u00f3n sobre el estado de tu aplicaci\u00f3n. Por favor env\u00edanos un correo electr\u00f3nico a \u00a0<a href=\"mailto:hola@captourist.com\" data-cke-saved-href=\"mailto:hola@captourist.com\">hola@captourist.com<\/a> con el t\u00edtulo: \u201cTRAVEL CAPTOURER\u201d y nuestro Equipo de Reclutamiento podr\u00e1 asistirte. \u00bfNo has recibido notificaciones por correo electr\u00f3nico? Revisa tu correo no deseado \/ spam.<\/p>\n<p>Con la abrumadora cantidad de solicitudes que nos llegan, personalmente nos pondremos en contacto con aquellos solicitantes que consideramos que capturan nuestra est\u00e9tica en su trabajo.[\/vc_column_text][vc_empty_space][\/vc_column][vc_column width=\u00bb1\/6&#8243;][\/vc_column][\/vc_row]<\/p>\n","protected":false},"excerpt":{"rendered":"<p>[vc_row][vc_column][vc_empty_space height=\u00bb52px\u00bb][\/vc_column][\/vc_row][vc_row][vc_column width=\u00bb1\/6&#8243;][\/vc_column][vc_column width=\u00bb2\/3&#8243;][vc_column_text] Convi\u00e9rtete en un fot\u00f3grafo local! Creemos que las fotograf\u00edas espont\u00e1neas y naturales son la mejor manera de atesorar nuestros recuerdos de viaje. Debido a que la fotograf\u00eda tambi\u00e9n puede ser un pasaporte para conocer gente nueva y vivir nuevas experiencias, hemos [&hellip;]<\/p>\n","protected":false},"author":1,"featured_media":0,"parent":8398,"menu_order":0,"comment_status":"closed","ping_status":"closed","template":"","meta":{"footnotes":""},"class_list":["post-8416","page","type-page","status-publish","hentry"],"yoast_head":"<!-- This site is optimized with the Yoast SEO plugin v25.2 - https:\/\/yoast.com\/wordpress\/plugins\/seo\/ -->\n<title>\u00danete a nosotros | Convi\u00e9rtete en un fot\u00f3grafo local con Captourist<\/title>\n<meta name=\"description\" content=\"Captourist est\u00e1 buscando gente incre\u00edble para crecer con nosotros. \u00danete al equipo y convi\u00e9rtete en un fot\u00f3grafo local para conocer gente nueva y difundir tu trabajo en todo el mundo.\" \/>\n<meta name=\"robots\" content=\"index, follow, max-snippet:-1, max-image-preview:large, max-video-preview:-1\" \/>\n<link rel=\"canonical\" href=\"https:\/\/www.captourist.com\/es\/nuestra-historia\/join-our-captourist-family\/\" \/>\n<meta property=\"og:locale\" content=\"es_ES\" \/>\n<meta property=\"og:type\" content=\"article\" \/>\n<meta property=\"og:title\" content=\"\u00danete a nosotros | Convi\u00e9rtete en un fot\u00f3grafo local con Captourist\" \/>\n<meta property=\"og:description\" content=\"Captourist est\u00e1 buscando gente incre\u00edble para crecer con nosotros. \u00danete al equipo y convi\u00e9rtete en un fot\u00f3grafo local para conocer gente nueva y difundir tu trabajo en todo el mundo.\" \/>\n<meta property=\"og:url\" content=\"https:\/\/www.captourist.com\/es\/nuestra-historia\/join-our-captourist-family\/\" \/>\n<meta property=\"og:site_name\" content=\"Captourist\" \/>\n<meta property=\"article:publisher\" content=\"https:\/\/www.facebook.com\/captourist\/\" \/>\n<meta property=\"article:modified_time\" content=\"2019-01-30T10:15:05+00:00\" \/>\n<meta name=\"twitter:card\" content=\"summary_large_image\" \/>\n<meta name=\"twitter:site\" content=\"@captourist\" \/>\n<meta name=\"twitter:label1\" content=\"Tiempo de lectura\" \/>\n\t<meta name=\"twitter:data1\" content=\"3 minutos\" \/>\n<script type=\"application\/ld+json\" class=\"yoast-schema-graph\">{\"@context\":\"https:\/\/schema.org\",\"@graph\":[{\"@type\":\"WebPage\",\"@id\":\"https:\/\/www.captourist.com\/es\/nuestra-historia\/join-our-captourist-family\/\",\"url\":\"https:\/\/www.captourist.com\/es\/nuestra-historia\/join-our-captourist-family\/\",\"name\":\"\u00danete a nosotros | Convi\u00e9rtete en un fot\u00f3grafo local con Captourist\",\"isPartOf\":{\"@id\":\"https:\/\/www.captourist.com\/#website\"},\"datePublished\":\"2017-04-16T12:26:33+00:00\",\"dateModified\":\"2019-01-30T10:15:05+00:00\",\"description\":\"Captourist est\u00e1 buscando gente incre\u00edble para crecer con nosotros. \u00danete al equipo y convi\u00e9rtete en un fot\u00f3grafo local para conocer gente nueva y difundir tu trabajo en todo el mundo.\",\"breadcrumb\":{\"@id\":\"https:\/\/www.captourist.com\/es\/nuestra-historia\/join-our-captourist-family\/#breadcrumb\"},\"inLanguage\":\"es\",\"potentialAction\":[{\"@type\":\"ReadAction\",\"target\":[\"https:\/\/www.captourist.com\/es\/nuestra-historia\/join-our-captourist-family\/\"]}]},{\"@type\":\"BreadcrumbList\",\"@id\":\"https:\/\/www.captourist.com\/es\/nuestra-historia\/join-our-captourist-family\/#breadcrumb\",\"itemListElement\":[{\"@type\":\"ListItem\",\"position\":1,\"name\":\"Home\",\"item\":\"https:\/\/www.captourist.com\/es\/\"},{\"@type\":\"ListItem\",\"position\":2,\"name\":\"Nuestra historia\",\"item\":\"https:\/\/www.captourist.com\/es\/nuestra-historia\/\"},{\"@type\":\"ListItem\",\"position\":3,\"name\":\"\u00danete a la familia Captourist\"}]},{\"@type\":\"WebSite\",\"@id\":\"https:\/\/www.captourist.com\/#website\",\"url\":\"https:\/\/www.captourist.com\/\",\"name\":\"Captourist\",\"description\":\"Book a professional photographer in Europe\",\"publisher\":{\"@id\":\"https:\/\/www.captourist.com\/#organization\"},\"potentialAction\":[{\"@type\":\"SearchAction\",\"target\":{\"@type\":\"EntryPoint\",\"urlTemplate\":\"https:\/\/www.captourist.com\/?s={search_term_string}\"},\"query-input\":{\"@type\":\"PropertyValueSpecification\",\"valueRequired\":true,\"valueName\":\"search_term_string\"}}],\"inLanguage\":\"es\"},{\"@type\":\"Organization\",\"@id\":\"https:\/\/www.captourist.com\/#organization\",\"name\":\"Captourist\",\"url\":\"https:\/\/www.captourist.com\/\",\"logo\":{\"@type\":\"ImageObject\",\"inLanguage\":\"es\",\"@id\":\"https:\/\/www.captourist.com\/#\/schema\/logo\/image\/\",\"url\":\"https:\/\/www.captourist.com\/wp-content\/uploads\/2016\/04\/cropped-LOGOsite.png\",\"contentUrl\":\"https:\/\/www.captourist.com\/wp-content\/uploads\/2016\/04\/cropped-LOGOsite.png\",\"width\":512,\"height\":512,\"caption\":\"Captourist\"},\"image\":{\"@id\":\"https:\/\/www.captourist.com\/#\/schema\/logo\/image\/\"},\"sameAs\":[\"https:\/\/www.facebook.com\/captourist\/\",\"https:\/\/x.com\/captourist\",\"https:\/\/www.instagram.com\/hola.captourist\/\"]}]}<\/script>\n<!-- \/ Yoast SEO plugin. -->","yoast_head_json":{"title":"\u00danete a nosotros | Convi\u00e9rtete en un fot\u00f3grafo local con Captourist","description":"Captourist est\u00e1 buscando gente incre\u00edble para crecer con nosotros. \u00danete al equipo y convi\u00e9rtete en un fot\u00f3grafo local para conocer gente nueva y difundir tu trabajo en todo el mundo.","robots":{"index":"index","follow":"follow","max-snippet":"max-snippet:-1","max-image-preview":"max-image-preview:large","max-video-preview":"max-video-preview:-1"},"canonical":"https:\/\/www.captourist.com\/es\/nuestra-historia\/join-our-captourist-family\/","og_locale":"es_ES","og_type":"article","og_title":"\u00danete a nosotros | Convi\u00e9rtete en un fot\u00f3grafo local con Captourist","og_description":"Captourist est\u00e1 buscando gente incre\u00edble para crecer con nosotros. \u00danete al equipo y convi\u00e9rtete en un fot\u00f3grafo local para conocer gente nueva y difundir tu trabajo en todo el mundo.","og_url":"https:\/\/www.captourist.com\/es\/nuestra-historia\/join-our-captourist-family\/","og_site_name":"Captourist","article_publisher":"https:\/\/www.facebook.com\/captourist\/","article_modified_time":"2019-01-30T10:15:05+00:00","twitter_card":"summary_large_image","twitter_site":"@captourist","twitter_misc":{"Tiempo de lectura":"3 minutos"},"schema":{"@context":"https:\/\/schema.org","@graph":[{"@type":"WebPage","@id":"https:\/\/www.captourist.com\/es\/nuestra-historia\/join-our-captourist-family\/","url":"https:\/\/www.captourist.com\/es\/nuestra-historia\/join-our-captourist-family\/","name":"\u00danete a nosotros | Convi\u00e9rtete en un fot\u00f3grafo local con Captourist","isPartOf":{"@id":"https:\/\/www.captourist.com\/#website"},"datePublished":"2017-04-16T12:26:33+00:00","dateModified":"2019-01-30T10:15:05+00:00","description":"Captourist est\u00e1 buscando gente incre\u00edble para crecer con nosotros. \u00danete al equipo y convi\u00e9rtete en un fot\u00f3grafo local para conocer gente nueva y difundir tu trabajo en todo el mundo.","breadcrumb":{"@id":"https:\/\/www.captourist.com\/es\/nuestra-historia\/join-our-captourist-family\/#breadcrumb"},"inLanguage":"es","potentialAction":[{"@type":"ReadAction","target":["https:\/\/www.captourist.com\/es\/nuestra-historia\/join-our-captourist-family\/"]}]},{"@type":"BreadcrumbList","@id":"https:\/\/www.captourist.com\/es\/nuestra-historia\/join-our-captourist-family\/#breadcrumb","itemListElement":[{"@type":"ListItem","position":1,"name":"Home","item":"https:\/\/www.captourist.com\/es\/"},{"@type":"ListItem","position":2,"name":"Nuestra historia","item":"https:\/\/www.captourist.com\/es\/nuestra-historia\/"},{"@type":"ListItem","position":3,"name":"\u00danete a la familia Captourist"}]},{"@type":"WebSite","@id":"https:\/\/www.captourist.com\/#website","url":"https:\/\/www.captourist.com\/","name":"Captourist","description":"Book a professional photographer in Europe","publisher":{"@id":"https:\/\/www.captourist.com\/#organization"},"potentialAction":[{"@type":"SearchAction","target":{"@type":"EntryPoint","urlTemplate":"https:\/\/www.captourist.com\/?s={search_term_string}"},"query-input":{"@type":"PropertyValueSpecification","valueRequired":true,"valueName":"search_term_string"}}],"inLanguage":"es"},{"@type":"Organization","@id":"https:\/\/www.captourist.com\/#organization","name":"Captourist","url":"https:\/\/www.captourist.com\/","logo":{"@type":"ImageObject","inLanguage":"es","@id":"https:\/\/www.captourist.com\/#\/schema\/logo\/image\/","url":"https:\/\/www.captourist.com\/wp-content\/uploads\/2016\/04\/cropped-LOGOsite.png","contentUrl":"https:\/\/www.captourist.com\/wp-content\/uploads\/2016\/04\/cropped-LOGOsite.png","width":512,"height":512,"caption":"Captourist"},"image":{"@id":"https:\/\/www.captourist.com\/#\/schema\/logo\/image\/"},"sameAs":["https:\/\/www.facebook.com\/captourist\/","https:\/\/x.com\/captourist","https:\/\/www.instagram.com\/hola.captourist\/"]}]}},"_links":{"self":[{"href":"https:\/\/www.captourist.com\/es\/wp-json\/wp\/v2\/pages\/8416"}],"collection":[{"href":"https:\/\/www.captourist.com\/es\/wp-json\/wp\/v2\/pages"}],"about":[{"href":"https:\/\/www.captourist.com\/es\/wp-json\/wp\/v2\/types\/page"}],"author":[{"embeddable":true,"href":"https:\/\/www.captourist.com\/es\/wp-json\/wp\/v2\/users\/1"}],"replies":[{"embeddable":true,"href":"https:\/\/www.captourist.com\/es\/wp-json\/wp\/v2\/comments?post=8416"}],"version-history":[{"count":11,"href":"https:\/\/www.captourist.com\/es\/wp-json\/wp\/v2\/pages\/8416\/revisions"}],"predecessor-version":[{"id":8626,"href":"https:\/\/www.captourist.com\/es\/wp-json\/wp\/v2\/pages\/8416\/revisions\/8626"}],"up":[{"embeddable":true,"href":"https:\/\/www.captourist.com\/es\/wp-json\/wp\/v2\/pages\/8398"}],"wp:attachment":[{"href":"https:\/\/www.captourist.com\/es\/wp-json\/wp\/v2\/media?parent=8416"}],"curies":[{"name":"wp","href":"https:\/\/api.w.org\/{rel}","templated":true}]}}