{"id":8398,"date":"2017-03-24T13:19:04","date_gmt":"2017-03-24T12:19:04","guid":{"rendered":"https:\/\/www.captourist.com\/?page_id=8398"},"modified":"2024-09-01T13:05:47","modified_gmt":"2024-09-01T11:05:47","slug":"nuestra-historia","status":"publish","type":"page","link":"https:\/\/www.captourist.com\/es\/nuestra-historia\/","title":{"rendered":"Nuestra historia"},"content":{"rendered":"<p>[vc_row][vc_column width=\u00bb1\/6&#8243;][\/vc_column][vc_column width=\u00bb2\/3&#8243;][vc_empty_space height=\u00bb50px\u00bb]<div class=\"mkdf-elements-holder mkdf-responsive-mode-768 mkdf-one-column-alignment-center\" ><div class=\"mkdf-eh-item mkdf-horizontal-alignment-center\"   data-item-class=\"mkdf-eh-custom-725718\" data-1280-1600=\"50px 100px 50px 100px\">\n\t<div class=\"mkdf-eh-item-inner\">\n\t\t<div class=\"mkdf-eh-item-content mkdf-eh-custom-725718\" >\n\t\t\t[vc_column_text]<\/p>\n<h3>Nuestra compa\u00f1ia<\/h3>\n<p><span style=\"color: #808080;\">Con base en\u00a0<a href=\"https:\/\/www.captourist.com\/destinations\/vacation-photographer-madrid\/\">Madrid<\/a>, Espa\u00f1a e inspirado por la idea de que suceden cosas asombrosas cuando vas m\u00e1s all\u00e1 de la selfie. Hemos estado capturando a los viajeros en todo el mundo desde 2016. <a href=\"https:\/\/www.captourist.com\">CAPTOURIST<\/a> cambiar\u00e1 la forma en que recuerdas tus vacaciones al brindarte un hermoso souvenir para la memoria de ese viaje tan esperado.<\/span>[\/vc_column_text]\t\t<\/div>\n\t<\/div>\n<\/div><\/div>[\/vc_column][vc_column width=\u00bb1\/6&#8243;][\/vc_column][\/vc_row][vc_row][vc_column][vc_empty_space height=\u00bb100px\u00bb phone_portrait=\u00bb50px\u00bb][\/vc_column][\/vc_row][vc_row][vc_column css_animation=\u00bbnone\u00bb width=\u00bb1\/2&#8243;]<div class=\"mkdf-elements-holder mkdf-responsive-mode-768\" ><div class=\"mkdf-eh-item mkdf-horizontal-alignment-center\"   data-item-class=\"mkdf-eh-custom-674810\">\n\t<div class=\"mkdf-eh-item-inner\">\n\t\t<div class=\"mkdf-eh-item-content mkdf-eh-custom-674810\" style=\"padding: 50px 50px 50px 50px\">\n\t\t\t[vc_column_text css_animation=\u00bbfadeInUp\u00bb]<\/p>\n<h3 style=\"text-align: left; font-size: 15px; color: #c7c4c3;\">N\u00ba 01<\/h3>\n<h1 style=\"text-align: left; font-size: 40px; color: #605f60;\">Nuestra Historia<\/h1>\n<p style=\"text-align: left;\">Fundada por los compa\u00f1eros de viaje Fernanda Retes, Pablo Torres \u00a0La idea surgi\u00f3 por primera vez, cuando en 2015, Pablo plane\u00f3 el escenario m\u00e1s rom\u00e1ntico para proponer matrimonio a Fernanda en la bella ciudad de Venecia. Jessica Cacciapuoti, una muy buena amiga que conoc\u00eda a Venecia como la palma de su mano, le sugiri\u00f3 a Pablo un lugar secreto, que solo los locales conoc\u00edan. All\u00ed estaban en un muelle oculto con el puente de Rialto de fondo. A medida que el atardecer se acercaba y la puesta de sol iluminaban el Gran Canal, \u00e9l le hizo la Gran Pregunta y se prometieron mutuamente pasar el resto de sus vidas juntos.. <strong>Su \u00fanica fotograf\u00eda<\/strong>: una oscura y borrosa.<\/p>\n<h4>Inspiraci\u00f3n<\/h4>\n<p style=\"text-align: left;\">Han estado trabajando juntos haciendo lo que m\u00e1s les gusta: la fotograf\u00eda, desde 2012 han capturando sonrisas, amor y vida. Ese d\u00eda tan especial que pasar\u00f3n juntos les hubiera encantado haber contratado a un fot\u00f3grafo profesional para asegurarse de que capturar\u00eda el momento perfecto y recordarlo por siempre y as\u00ed compartirlo con sus seres queridos. Fernanda y Pablo pensaron que incluso como fot\u00f3grafos hay momentos \u00fanicos que vale la pena mantener alejada la c\u00e1mara y dejar que un profesional capte la ocasi\u00f3n. As\u00ed \u00a0puedes enfocarte solo en vivir el momento. Inspirados por su propia experiencia, unieron sus fuerzas, combinaron sus pasiones y habilidades. <a href=\"https:\/\/www.captourist.com\">Captourist<\/a> was founded in 2017.<\/p>\n<h4>Presente<\/h4>\n<p>En junio de 2019, Pablo y Fernanda se convirtieron en padres de un hermoso ni\u00f1o, Paolo. Seis meses despu\u00e9s recibieron la noticia m\u00e1s aterradora, Paolo ten\u00eda leucemia. El camino ha sido duro y enriquecedor. Como familia han aprendido a vivir el momento, aqu\u00ed y ahora.<\/p>\n<p>Hoy tienen dos ni\u00f1os maravillosos: Paolo y Luca y viven entre Par\u00eds y Madrid, \u00a1principalmente en la ciudad de las luces! Paolo tiene tres a\u00f1os, y despu\u00e9s de un Trasplante de M\u00e9dula \u00d3sea y gracias a los avances m\u00e9dicos e investigaciones est\u00e1 libre de Leucemia. Esta es la raz\u00f3n por la que Pablo y Fernanda decidieron hacer de Captourist no solo una forma de vida, sino una forma de contribuir tanto con la Fundaci\u00f3n Joseph Carreras como con la Fundaci\u00f3n Aladina, que se dedican a la Investigaci\u00f3n del C\u00e1ncer Infantil.[\/vc_column_text]\t\t<\/div>\n\t<\/div>\n<\/div><\/div>[\/vc_column][vc_column width=\u00bb1\/2&#8243;][vc_empty_space height=\u00bb100px\u00bb]<div class=\"mkdf-elements-holder mkdf-responsive-mode-768\" ><div class=\"mkdf-eh-item mkdf-horizontal-alignment-center\"   data-item-class=\"mkdf-eh-custom-411962\">\n\t<div class=\"mkdf-eh-item-inner\">\n\t\t<div class=\"mkdf-eh-item-content mkdf-eh-custom-411962\" style=\"padding: 0px 20px 0px 20px\">\n\t\t\t[vc_single_image image=\u00bb12168&#8243; img_size=\u00bbfull\u00bb alignment=\u00bbcenter\u00bb css=\u00bb.vc_custom_1675796345533{margin-top: 100px !important;}\u00bb]\t\t<\/div>\n\t<\/div>\n<\/div><\/div>[\/vc_column][\/vc_row][vc_row][vc_column width=\u00bb1\/2&#8243;][vc_empty_space][vc_single_image image=\u00bb11772&#8243; img_size=\u00bbfull\u00bb alignment=\u00bbcenter\u00bb][\/vc_column][vc_column css_animation=\u00bbnone\u00bb width=\u00bb1\/2&#8243;]<div class=\"mkdf-elements-holder mkdf-responsive-mode-768 mkdf-one-column-alignment-center\" ><div class=\"mkdf-eh-item mkdf-horizontal-alignment-center\"   data-item-class=\"mkdf-eh-custom-560327\">\n\t<div class=\"mkdf-eh-item-inner\">\n\t\t<div class=\"mkdf-eh-item-content mkdf-eh-custom-560327\" style=\"padding: 50px 50px 50px 50px\">\n\t\t\t[vc_empty_space][vc_column_text css_animation=\u00bbfadeInUp\u00bb]<\/p>\n<h3 style=\"text-align: right; font-size: 15px; color: #c7c4c3;\">N\u00ba 02<\/h3>\n<h1 style=\"text-align: right; font-size: 40px; color: #605f60;\">Lo que Pensamos<\/h1>\n<p style=\"text-align: right;\">Creemos que las fotograf\u00edas espont\u00e1neas y naturales son la mejor manera de atesorar nuestros recuerdos de viaje. Porque la fotograf\u00eda tambi\u00e9n puede ser un pasaporte para conocer gente nueva y vivir nuevas experiencias. Hemos estado capturando momentos en todo el mundo desde 2013.<\/p>\n<p>[\/vc_column_text]\t\t<\/div>\n\t<\/div>\n<\/div><\/div>[\/vc_column][\/vc_row][vc_row][vc_column][vc_empty_space][vc_empty_space][\/vc_column][\/vc_row][vc_row][vc_column width=\u00bb1\/6&#8243;][\/vc_column][vc_column css_animation=\u00bbnone\u00bb width=\u00bb2\/3&#8243;]<div class=\"mkdf-elements-holder mkdf-responsive-mode-768\" ><div class=\"mkdf-eh-item mkdf-horizontal-alignment-center\"   data-item-class=\"mkdf-eh-custom-604297\">\n\t<div class=\"mkdf-eh-item-inner\">\n\t\t<div class=\"mkdf-eh-item-content mkdf-eh-custom-604297\" style=\"padding: 60px 60px 60px 60px\">\n\t\t\t[vc_column_text css_animation=\u00bbfadeInUp\u00bb]<\/p>\n<h3 style=\"text-align: center; font-size: 15px; color: #c7c4c3;\">N\u00ba 03<\/h3>\n<h1 style=\"text-align: center; font-size: 40px; color: #605f60;\">Qu\u00e9 Hacemos<\/h1>\n<p class=\"testimonytext\" style=\"margin: 0cm 30.0pt 5.0pt 0cm;\">La vida es demasiado corta para unas vacaciones ordinarias. Nuestros fot\u00f3grafos son seleccionados cuidadosamente, no solo por sus habilidades y estilo de fotograf\u00eda. \u00a1Tambi\u00e9n por sus incre\u00edbles personalidades! Son capaces de capturar tus mejores momentos y mostrarte la ciudad de una manera divertida mientras est\u00e1n en ello.<br \/>\n\u00a1Lo mejor! que son los locales en tu\u00a0<a href=\"https:\/\/www.captourist.com\/es\/destinations\/\">destino de vacaciones<\/a>. Por lo tanto, puedes pedirles que te indiquen los mejores lugares de la ciudad, los restaurantes m\u00e1s recomendables, dode encontrar las mejores vistas de laciudad, las cafeter\u00edas secretas e incluso qu\u00e9 lugares evitar.<\/p>\n<p>[\/vc_column_text]\t\t<\/div>\n\t<\/div>\n<\/div><\/div><div class=\"mkdf-elements-holder mkdf-responsive-mode-768 mkdf-one-column-alignment-center\" ><div class=\"mkdf-eh-item mkdf-horizontal-alignment-center\"   data-item-class=\"mkdf-eh-custom-164890\">\n\t<div class=\"mkdf-eh-item-inner\">\n\t\t<div class=\"mkdf-eh-item-content mkdf-eh-custom-164890\" >\n\t\t\t<a href=\"https:\/\/www.captourist.com\/about\/what-we-offer\/\" target=\"_self\" style=\"color: #848484;border-color: #848484\" class=\"mkdf-btn mkdf-btn-small mkdf-btn-outline mkdf-btn-custom-hover-bg mkdf-btn-custom-hover-color mkdf-btn-hover-solid\"  data-hover-color=\"#848484\" >\n\t<span class=\"mkdf-btn-text\">How It Works<\/span>\n\t\n\t\t\t<span class=\"mkdf-btn-helper\" style=\"background-color: #ffffff\"><\/span>\n\t<\/a>\t\t<\/div>\n\t<\/div>\n<\/div><\/div>[vc_empty_space height=\u00bb62px\u00bb][\/vc_column][vc_column width=\u00bb1\/6&#8243;][\/vc_column][\/vc_row][vc_row][vc_column width=\u00bb1\/3&#8243;][vc_single_image image=\u00bb4518&#8243; img_size=\u00bb600&#215;500&#8243; alignment=\u00bbcenter\u00bb][vc_empty_space][\/vc_column][vc_column width=\u00bb1\/3&#8243;][vc_single_image image=\u00bb4714&#8243; img_size=\u00bb600&#215;500&#8243; alignment=\u00bbcenter\u00bb][vc_empty_space][\/vc_column][vc_column width=\u00bb1\/3&#8243;][vc_single_image image=\u00bb6046&#8243; img_size=\u00bb600&#215;500&#8243; alignment=\u00bbcenter\u00bb][vc_empty_space][\/vc_column][\/vc_row][vc_row][vc_column width=\u00bb1\/3&#8243;][vc_single_image image=\u00bb8340&#8243; img_size=\u00bb600&#215;500&#8243; alignment=\u00bbcenter\u00bb][vc_empty_space][\/vc_column][vc_column width=\u00bb1\/3&#8243;][vc_single_image image=\u00bb8137&#8243; img_size=\u00bb600&#215;500&#8243; alignment=\u00bbcenter\u00bb][vc_empty_space][\/vc_column][vc_column width=\u00bb1\/3&#8243;][vc_single_image image=\u00bb8346&#8243; img_size=\u00bb600&#215;500&#8243; alignment=\u00bbcenter\u00bb][vc_empty_space][\/vc_column][\/vc_row][vc_row][vc_column css_animation=\u00bbfadeInUp\u00bb width=\u00bb1\/2&#8243;]<div class=\"mkdf-elements-holder mkdf-responsive-mode-768\" ><div class=\"mkdf-eh-item mkdf-horizontal-alignment-center\"   data-item-class=\"mkdf-eh-custom-328393\">\n\t<div class=\"mkdf-eh-item-inner\">\n\t\t<div class=\"mkdf-eh-item-content mkdf-eh-custom-328393\" style=\"padding: 50px 50px 50px 50px\">\n\t\t\t[vc_column_text css_animation=\u00bbfadeInUp\u00bb]<\/p>\n<h3 style=\"text-align: left; font-size: 15px; color: #c7c4c3;\">N\u00ba 04<\/h3>\n<h1 style=\"text-align: left; font-size: 40px; color: #605f60;\">Trabaja con Nosotros<\/h1>\n<p style=\"text-align: left;\">Uno es un n\u00famero muy peque\u00f1o para la grandeza. Juntos, trabajamos duro, realizamos una lluvia de ideas sin parar, nos re\u00edmos mucho, confiamos el uno en el otro y nos divertimos mucho haciendo lo que amamos. Estamos buscando personas incre\u00edbles para crecer con nosotros y\u00a0<a href=\"https:\/\/www.captourist.com\/es\/our-story\/join-our-captourist-family\/\">\u00fanete a nosotros<\/a> en esta aventura.<\/p>\n<p>[\/vc_column_text]\t\t<\/div>\n\t<\/div>\n<\/div><\/div>[\/vc_column][vc_column width=\u00bb1\/2&#8243;][vc_empty_space][vc_single_image image=\u00bb6042&#8243; img_size=\u00bb800&#215;700&#8243; alignment=\u00bbcenter\u00bb][\/vc_column][\/vc_row]<\/p>\n","protected":false},"excerpt":{"rendered":"<p>[vc_row][vc_column width=\u00bb1\/6&#8243;][\/vc_column][vc_column width=\u00bb2\/3&#8243;][vc_empty_space height=\u00bb50px\u00bb][\/vc_column][vc_column width=\u00bb1\/6&#8243;][\/vc_column][\/vc_row][vc_row][vc_column][vc_empty_space height=\u00bb100px\u00bb phone_portrait=\u00bb50px\u00bb][\/vc_column][\/vc_row][vc_row][vc_column css_animation=\u00bbnone\u00bb width=\u00bb1\/2&#8243;][\/vc_column][vc_column width=\u00bb1\/2&#8243;][vc_empty_space height=\u00bb100px\u00bb][\/vc_column][\/vc_row][vc_row][vc_column width=\u00bb1\/2&#8243;][vc_empty_space][vc_single_image image=\u00bb11772&#8243; img_size=\u00bbfull\u00bb alignment=\u00bbcenter\u00bb][\/vc_column][vc_column css_animation=\u00bbnone\u00bb width=\u00bb1\/2&#8243;][\/vc_column][\/vc_row][vc_row][vc_column][vc_empty_space][vc_empty_space][\/vc_column][\/vc_row][vc_row][vc_column width=\u00bb1\/6&#8243;][\/vc_column][vc_column css_animation=\u00bbnone\u00bb width=\u00bb2\/3&#8243;][vc_empty_space height=\u00bb62px\u00bb][\/vc_column][vc_column width=\u00bb1\/6&#8243;][\/vc_column][\/vc_row][vc_row][vc_column width=\u00bb1\/3&#8243;][vc_single_image image=\u00bb4518&#8243; img_size=\u00bb600&#215;500&#8243; alignment=\u00bbcenter\u00bb][vc_empty_space][\/vc_column][vc_column width=\u00bb1\/3&#8243;][vc_single_image image=\u00bb4714&#8243; img_size=\u00bb600&#215;500&#8243; alignment=\u00bbcenter\u00bb][vc_empty_space][\/vc_column][vc_column width=\u00bb1\/3&#8243;][vc_single_image image=\u00bb6046&#8243; img_size=\u00bb600&#215;500&#8243; alignment=\u00bbcenter\u00bb][vc_empty_space][\/vc_column][\/vc_row][vc_row][vc_column width=\u00bb1\/3&#8243;][vc_single_image image=\u00bb8340&#8243; img_size=\u00bb600&#215;500&#8243; alignment=\u00bbcenter\u00bb][vc_empty_space][\/vc_column][vc_column width=\u00bb1\/3&#8243;][vc_single_image image=\u00bb8137&#8243; img_size=\u00bb600&#215;500&#8243; alignment=\u00bbcenter\u00bb][vc_empty_space][\/vc_column][vc_column width=\u00bb1\/3&#8243;][vc_single_image image=\u00bb8346&#8243; img_size=\u00bb600&#215;500&#8243; [&hellip;]<\/p>\n","protected":false},"author":1,"featured_media":12603,"parent":0,"menu_order":0,"comment_status":"closed","ping_status":"closed","template":"","meta":{"footnotes":""},"class_list":["post-8398","page","type-page","status-publish","has-post-thumbnail","hentry"],"yoast_head":"<!-- This site is optimized with the Yoast SEO plugin v25.2 - https:\/\/yoast.com\/wordpress\/plugins\/seo\/ -->\n<title>Nuestra historia - m\u00e1s all\u00e1 de la selfie - Captourist<\/title>\n<meta name=\"description\" content=\"Nuestra historia comienza con la idea de que suceden cosas asombrosas cuando vas m\u00e1s all\u00e1 de la selfie. Captourist hacemos del viaje una experiencia \u00fanica.\" \/>\n<meta name=\"robots\" content=\"index, follow, max-snippet:-1, max-image-preview:large, max-video-preview:-1\" \/>\n<link rel=\"canonical\" href=\"https:\/\/www.captourist.com\/es\/nuestra-historia\/\" \/>\n<meta property=\"og:locale\" content=\"es_ES\" \/>\n<meta property=\"og:type\" content=\"article\" \/>\n<meta property=\"og:title\" content=\"Nuestra historia - m\u00e1s all\u00e1 de la selfie - Captourist\" \/>\n<meta property=\"og:description\" content=\"Nuestra historia comienza con la idea de que suceden cosas asombrosas cuando vas m\u00e1s all\u00e1 de la selfie. Captourist hacemos del viaje una experiencia \u00fanica.\" \/>\n<meta property=\"og:url\" content=\"https:\/\/www.captourist.com\/es\/nuestra-historia\/\" \/>\n<meta property=\"og:site_name\" content=\"Captourist\" \/>\n<meta property=\"article:publisher\" content=\"https:\/\/www.facebook.com\/captourist\/\" \/>\n<meta property=\"article:modified_time\" content=\"2024-09-01T11:05:47+00:00\" \/>\n<meta property=\"og:image\" content=\"https:\/\/www.captourist.com\/wp-content\/uploads\/2023\/02\/PORTADA-CAPTOURIST1.jpg\" \/>\n\t<meta property=\"og:image:width\" content=\"875\" \/>\n\t<meta property=\"og:image:height\" content=\"1200\" \/>\n\t<meta property=\"og:image:type\" content=\"image\/jpeg\" \/>\n<meta name=\"twitter:card\" content=\"summary_large_image\" \/>\n<meta name=\"twitter:site\" content=\"@captourist\" \/>\n<meta name=\"twitter:label1\" content=\"Tiempo de lectura\" \/>\n\t<meta name=\"twitter:data1\" content=\"4 minutos\" \/>\n<script type=\"application\/ld+json\" class=\"yoast-schema-graph\">{\"@context\":\"https:\/\/schema.org\",\"@graph\":[{\"@type\":\"WebPage\",\"@id\":\"https:\/\/www.captourist.com\/es\/nuestra-historia\/\",\"url\":\"https:\/\/www.captourist.com\/es\/nuestra-historia\/\",\"name\":\"Nuestra historia - m\u00e1s all\u00e1 de la selfie - Captourist\",\"isPartOf\":{\"@id\":\"https:\/\/www.captourist.com\/#website\"},\"primaryImageOfPage\":{\"@id\":\"https:\/\/www.captourist.com\/es\/nuestra-historia\/#primaryimage\"},\"image\":{\"@id\":\"https:\/\/www.captourist.com\/es\/nuestra-historia\/#primaryimage\"},\"thumbnailUrl\":\"https:\/\/www.captourist.com\/wp-content\/uploads\/2023\/02\/PORTADA-CAPTOURIST1.jpg\",\"datePublished\":\"2017-03-24T12:19:04+00:00\",\"dateModified\":\"2024-09-01T11:05:47+00:00\",\"description\":\"Nuestra historia comienza con la idea de que suceden cosas asombrosas cuando vas m\u00e1s all\u00e1 de la selfie. Captourist hacemos del viaje una experiencia \u00fanica.\",\"breadcrumb\":{\"@id\":\"https:\/\/www.captourist.com\/es\/nuestra-historia\/#breadcrumb\"},\"inLanguage\":\"es\",\"potentialAction\":[{\"@type\":\"ReadAction\",\"target\":[\"https:\/\/www.captourist.com\/es\/nuestra-historia\/\"]}]},{\"@type\":\"ImageObject\",\"inLanguage\":\"es\",\"@id\":\"https:\/\/www.captourist.com\/es\/nuestra-historia\/#primaryimage\",\"url\":\"https:\/\/www.captourist.com\/wp-content\/uploads\/2023\/02\/PORTADA-CAPTOURIST1.jpg\",\"contentUrl\":\"https:\/\/www.captourist.com\/wp-content\/uploads\/2023\/02\/PORTADA-CAPTOURIST1.jpg\",\"width\":875,\"height\":1200},{\"@type\":\"BreadcrumbList\",\"@id\":\"https:\/\/www.captourist.com\/es\/nuestra-historia\/#breadcrumb\",\"itemListElement\":[{\"@type\":\"ListItem\",\"position\":1,\"name\":\"Home\",\"item\":\"https:\/\/www.captourist.com\/es\/\"},{\"@type\":\"ListItem\",\"position\":2,\"name\":\"Nuestra historia\"}]},{\"@type\":\"WebSite\",\"@id\":\"https:\/\/www.captourist.com\/#website\",\"url\":\"https:\/\/www.captourist.com\/\",\"name\":\"Captourist\",\"description\":\"Book a professional photographer in Europe\",\"publisher\":{\"@id\":\"https:\/\/www.captourist.com\/#organization\"},\"potentialAction\":[{\"@type\":\"SearchAction\",\"target\":{\"@type\":\"EntryPoint\",\"urlTemplate\":\"https:\/\/www.captourist.com\/?s={search_term_string}\"},\"query-input\":{\"@type\":\"PropertyValueSpecification\",\"valueRequired\":true,\"valueName\":\"search_term_string\"}}],\"inLanguage\":\"es\"},{\"@type\":\"Organization\",\"@id\":\"https:\/\/www.captourist.com\/#organization\",\"name\":\"Captourist\",\"url\":\"https:\/\/www.captourist.com\/\",\"logo\":{\"@type\":\"ImageObject\",\"inLanguage\":\"es\",\"@id\":\"https:\/\/www.captourist.com\/#\/schema\/logo\/image\/\",\"url\":\"https:\/\/www.captourist.com\/wp-content\/uploads\/2016\/04\/cropped-LOGOsite.png\",\"contentUrl\":\"https:\/\/www.captourist.com\/wp-content\/uploads\/2016\/04\/cropped-LOGOsite.png\",\"width\":512,\"height\":512,\"caption\":\"Captourist\"},\"image\":{\"@id\":\"https:\/\/www.captourist.com\/#\/schema\/logo\/image\/\"},\"sameAs\":[\"https:\/\/www.facebook.com\/captourist\/\",\"https:\/\/x.com\/captourist\",\"https:\/\/www.instagram.com\/hola.captourist\/\"]}]}<\/script>\n<!-- \/ Yoast SEO plugin. -->","yoast_head_json":{"title":"Nuestra historia - m\u00e1s all\u00e1 de la selfie - Captourist","description":"Nuestra historia comienza con la idea de que suceden cosas asombrosas cuando vas m\u00e1s all\u00e1 de la selfie. Captourist hacemos del viaje una experiencia \u00fanica.","robots":{"index":"index","follow":"follow","max-snippet":"max-snippet:-1","max-image-preview":"max-image-preview:large","max-video-preview":"max-video-preview:-1"},"canonical":"https:\/\/www.captourist.com\/es\/nuestra-historia\/","og_locale":"es_ES","og_type":"article","og_title":"Nuestra historia - m\u00e1s all\u00e1 de la selfie - Captourist","og_description":"Nuestra historia comienza con la idea de que suceden cosas asombrosas cuando vas m\u00e1s all\u00e1 de la selfie. Captourist hacemos del viaje una experiencia \u00fanica.","og_url":"https:\/\/www.captourist.com\/es\/nuestra-historia\/","og_site_name":"Captourist","article_publisher":"https:\/\/www.facebook.com\/captourist\/","article_modified_time":"2024-09-01T11:05:47+00:00","og_image":[{"width":875,"height":1200,"url":"https:\/\/www.captourist.com\/wp-content\/uploads\/2023\/02\/PORTADA-CAPTOURIST1.jpg","type":"image\/jpeg"}],"twitter_card":"summary_large_image","twitter_site":"@captourist","twitter_misc":{"Tiempo de lectura":"4 minutos"},"schema":{"@context":"https:\/\/schema.org","@graph":[{"@type":"WebPage","@id":"https:\/\/www.captourist.com\/es\/nuestra-historia\/","url":"https:\/\/www.captourist.com\/es\/nuestra-historia\/","name":"Nuestra historia - m\u00e1s all\u00e1 de la selfie - Captourist","isPartOf":{"@id":"https:\/\/www.captourist.com\/#website"},"primaryImageOfPage":{"@id":"https:\/\/www.captourist.com\/es\/nuestra-historia\/#primaryimage"},"image":{"@id":"https:\/\/www.captourist.com\/es\/nuestra-historia\/#primaryimage"},"thumbnailUrl":"https:\/\/www.captourist.com\/wp-content\/uploads\/2023\/02\/PORTADA-CAPTOURIST1.jpg","datePublished":"2017-03-24T12:19:04+00:00","dateModified":"2024-09-01T11:05:47+00:00","description":"Nuestra historia comienza con la idea de que suceden cosas asombrosas cuando vas m\u00e1s all\u00e1 de la selfie. Captourist hacemos del viaje una experiencia \u00fanica.","breadcrumb":{"@id":"https:\/\/www.captourist.com\/es\/nuestra-historia\/#breadcrumb"},"inLanguage":"es","potentialAction":[{"@type":"ReadAction","target":["https:\/\/www.captourist.com\/es\/nuestra-historia\/"]}]},{"@type":"ImageObject","inLanguage":"es","@id":"https:\/\/www.captourist.com\/es\/nuestra-historia\/#primaryimage","url":"https:\/\/www.captourist.com\/wp-content\/uploads\/2023\/02\/PORTADA-CAPTOURIST1.jpg","contentUrl":"https:\/\/www.captourist.com\/wp-content\/uploads\/2023\/02\/PORTADA-CAPTOURIST1.jpg","width":875,"height":1200},{"@type":"BreadcrumbList","@id":"https:\/\/www.captourist.com\/es\/nuestra-historia\/#breadcrumb","itemListElement":[{"@type":"ListItem","position":1,"name":"Home","item":"https:\/\/www.captourist.com\/es\/"},{"@type":"ListItem","position":2,"name":"Nuestra historia"}]},{"@type":"WebSite","@id":"https:\/\/www.captourist.com\/#website","url":"https:\/\/www.captourist.com\/","name":"Captourist","description":"Book a professional photographer in Europe","publisher":{"@id":"https:\/\/www.captourist.com\/#organization"},"potentialAction":[{"@type":"SearchAction","target":{"@type":"EntryPoint","urlTemplate":"https:\/\/www.captourist.com\/?s={search_term_string}"},"query-input":{"@type":"PropertyValueSpecification","valueRequired":true,"valueName":"search_term_string"}}],"inLanguage":"es"},{"@type":"Organization","@id":"https:\/\/www.captourist.com\/#organization","name":"Captourist","url":"https:\/\/www.captourist.com\/","logo":{"@type":"ImageObject","inLanguage":"es","@id":"https:\/\/www.captourist.com\/#\/schema\/logo\/image\/","url":"https:\/\/www.captourist.com\/wp-content\/uploads\/2016\/04\/cropped-LOGOsite.png","contentUrl":"https:\/\/www.captourist.com\/wp-content\/uploads\/2016\/04\/cropped-LOGOsite.png","width":512,"height":512,"caption":"Captourist"},"image":{"@id":"https:\/\/www.captourist.com\/#\/schema\/logo\/image\/"},"sameAs":["https:\/\/www.facebook.com\/captourist\/","https:\/\/x.com\/captourist","https:\/\/www.instagram.com\/hola.captourist\/"]}]}},"_links":{"self":[{"href":"https:\/\/www.captourist.com\/es\/wp-json\/wp\/v2\/pages\/8398"}],"collection":[{"href":"https:\/\/www.captourist.com\/es\/wp-json\/wp\/v2\/pages"}],"about":[{"href":"https:\/\/www.captourist.com\/es\/wp-json\/wp\/v2\/types\/page"}],"author":[{"embeddable":true,"href":"https:\/\/www.captourist.com\/es\/wp-json\/wp\/v2\/users\/1"}],"replies":[{"embeddable":true,"href":"https:\/\/www.captourist.com\/es\/wp-json\/wp\/v2\/comments?post=8398"}],"version-history":[{"count":16,"href":"https:\/\/www.captourist.com\/es\/wp-json\/wp\/v2\/pages\/8398\/revisions"}],"predecessor-version":[{"id":12615,"href":"https:\/\/www.captourist.com\/es\/wp-json\/wp\/v2\/pages\/8398\/revisions\/12615"}],"wp:featuredmedia":[{"embeddable":true,"href":"https:\/\/www.captourist.com\/es\/wp-json\/wp\/v2\/media\/12603"}],"wp:attachment":[{"href":"https:\/\/www.captourist.com\/es\/wp-json\/wp\/v2\/media?parent=8398"}],"curies":[{"name":"wp","href":"https:\/\/api.w.org\/{rel}","templated":true}]}}