{"id":8123,"date":"2016-10-31T15:40:51","date_gmt":"2016-10-31T14:40:51","guid":{"rendered":"https:\/\/www.captourist.com\/?page_id=8123"},"modified":"2019-04-19T12:39:50","modified_gmt":"2019-04-19T10:39:50","slug":"como-funciona","status":"publish","type":"page","link":"https:\/\/www.captourist.com\/es\/nuestra-historia\/como-funciona\/","title":{"rendered":"C\u00d3MO FUNCIONA"},"content":{"rendered":"<p>[vc_row][vc_column][vc_empty_space height=\u00bb10px\u00bb][vc_row_inner content_aligment=\u00bbcenter\u00bb transition_delay=\u00bb70&#8243; el_id=\u00bb2&#8243;][vc_column_inner width=\u00bb3\/6&#8243;]<div class=\"mkdf-elements-holder mkdf-responsive-mode-768\" ><div class=\"mkdf-eh-item mkdf-horizontal-alignment-center\"   data-item-class=\"mkdf-eh-custom-254558\">\n\t<div class=\"mkdf-eh-item-inner\">\n\t\t<div class=\"mkdf-eh-item-content mkdf-eh-custom-254558\" >\n\t\t\t[vc_column_text]<\/p>\n<h2 style=\"text-align: left;\"><span style=\"color: #376270;\">\u00bfTienes preguntas? \u00a1Tenemos respuestas!<\/span><\/h2>\n<h1 style=\"text-align: left;\">Reserva un fot\u00f3grafo profesional para tu pr\u00f3ximo viaje.<\/h1>\n<p style=\"text-align: justify;\">Con Captourist reservar un fot\u00f3grafo profesional para tu pr\u00f3ximo viaje es muy sencillo. Para comenzar, te invitamos a que vayas a <a href=\"https:\/\/www.captourist.com\/es\/destinations\/\">destinos .<\/a>\u00a0 Selecciones la ciudad en la que deseas tu recorrido fotogr\u00e1fico, elige un fot\u00f3grafo, completa el formulario con fechas y detalles para verificar la disponibilidad del fot\u00f3grafo y disfruta de una m\u00e1gica aventura.<\/p>\n<p>Es probable que encuentres respuesta a \u00a0la mayor\u00eda de tus preguntas en\u00a0<a href=\"https:\/\/www.captourist.com\/es\/how-can-we-help\/\">FAQS.<\/a>\u00a0 Si todav\u00eda tienes dudas, si\u00e9ntete libre de\u00a0<a href=\"https:\/\/www.captourist.com\/es\/contact\/\">contactarnos.<\/a>\u00a0 Estaremos encantados de ayudarte.<br \/>\n[\/vc_column_text][vc_empty_space height=\u00bb30px\u00bb]\t\t<\/div>\n\t<\/div>\n<\/div><\/div>[\/vc_column_inner][vc_column_inner width=\u00bb1\/6&#8243;][\/vc_column_inner][vc_column_inner width=\u00bb1\/4&#8243;]<div class=\"mkdf-elements-holder mkdf-responsive-mode-768\" ><div class=\"mkdf-eh-item \" style=\"background-color: rgba(205,232,247,0.37)\"  data-item-class=\"mkdf-eh-custom-564487\">\n\t<div class=\"mkdf-eh-item-inner\">\n\t\t<div class=\"mkdf-eh-item-content mkdf-eh-custom-564487\" style=\"padding: 60px 20px 60px 20px\">\n\t\t\t[vc_empty_space height=\u00bb20px\u00bb]<div class=\"mkdf-iwt clearfix mkdf-iwt-icon-top mkdf-iwt-icon-medium\">\n    <div class=\"mkdf-iwt-icon\">\n                    <a itemprop=\"url\" href=\"https:\/\/www.captourist.com\/footer-menu\/contact-2\/\" target=\"_blank\">\n                                        <span class=\"mkdf-icon-animation-holder\" style=\"transition-delay: 20ms;-webkit-transition-delay: 20ms;-moz-transition-delay: 20ms;-ms-transition-delay: 20ms\">\n    <span class=\"mkdf-icon-shortcode mkdf-normal mkdf-icon-animation mkdf-icon-medium\"   data-animation-delay=\"20\">\n                    <span aria-hidden=\"true\" class=\"mkdf-icon-font-elegant arrow_carrot-up mkdf-icon-element\" style=\"\" ><\/span>            <\/span>\n    <\/span>\n                                <\/a>\n            <\/div>\n    <div class=\"mkdf-iwt-content\" style=\"padding-top: 13px\">\n\t    \t        <h3 class=\"mkdf-iwt-title\" style=\"margin-top: 25px\">\n\t\t\t    \t\t\t\t    <a itemprop=\"url\" href=\"https:\/\/www.captourist.com\/footer-menu\/contact-2\/\" target=\"_blank\">\n\t\t\t    \t               LOOKING FOR ANOTHER DESTINATION? MAIL US!\t\t\t    \t\t\t\t    <\/a>\n                            <\/h3>\n\t    \t\t    <\/div>\n<\/div>[vc_empty_space height=\u00bb60px\u00bb]<a href=\"https:\/\/www.captourist.com\/destinations\/request-a-city\/\" target=\"_self\"  class=\"mkdf-btn mkdf-btn-small mkdf-btn-outline mkdf-btn-hover-outline\"  >\n\t<span class=\"mkdf-btn-text\">Request a Destination<\/span>\n\t\n\t\t\t<span class=\"mkdf-btn-helper\" ><\/span>\n\t<\/a>[vc_empty_space height=\u00bb40px\u00bb]\t\t<\/div>\n\t<\/div>\n<\/div><\/div>[\/vc_column_inner][\/vc_row_inner][vc_column_text]<\/p>\n<h3 style=\"text-align: center;\"><div class=\"mkdf-separator-holder clearfix  mkdf-separator-center mkdf-separator-full-width\">\n\t<div class=\"mkdf-separator\" style=\"border-color: #f0f0f0;border-style: solid;border-bottom-width: 10pxpx\"><\/div>\n<\/div>\n<\/h3>\n<h2 style=\"text-align: center;\">\n<h2 class=\"mkdf-custom-font-holder\" style=\"font-size: 25px;line-height: 40px;font-style: normal;text-decoration: none;text-align: center\" data-font-size= 25  data-line-height= 40>\n\u00a1Disfruta de una aventura incre\u00edble con Captourist en 6 sencillos pasos!<\/h2><\/h2>\n<p style=\"text-align: center;\">Te sugerimos reservar con dos semanas de anticipaci\u00f3n para asegurar el fot\u00f3grafo y el tiempo de la sesi\u00f3n.<\/p>\n<p>[\/vc_column_text][\/vc_column][\/vc_row][vc_row][vc_column width=\u00bb1\/3&#8243;][vc_empty_space]<div class=\"mkdf-elements-holder mkdf-responsive-mode-768 mkdf-ehi-float\" ><div class=\"mkdf-eh-item mkdf-horizontal-alignment-center\"   data-item-class=\"mkdf-eh-custom-443266\">\n\t<div class=\"mkdf-eh-item-inner\">\n\t\t<div class=\"mkdf-eh-item-content mkdf-eh-custom-443266\" >\n\t\t\t[vc_column_text]<\/p>\n<h3><span style=\"color: #376270;\"><span style=\"color: #ededed;\">\n<h2 class=\"mkdf-custom-font-holder\" style=\"font-size: 80px;line-height: 2px;font-style: normal;letter-spacing: 2px;text-decoration: none;text-align: left;color: #C7C4C3\" data-font-size= 80px  data-line-height= 2px>\n01<\/h2> \u00a0<\/span><\/span><span style=\"color: #376270;\">Reserva tu sesi\u00f3n<\/span><\/h3>\n<p style=\"padding-left: 60px; text-align: justify;\">Elige tu destino. Haz clic en \u00abReservar\u00bb y completa el formulario con la hora preferida del d\u00eda. Nuestro concierge \u00a0te ayudar\u00e1 a planificar tu sesi\u00f3n.<\/p>\n<p>[\/vc_column_text]\t\t<\/div>\n\t<\/div>\n<\/div><\/div>[\/vc_column][vc_column width=\u00bb1\/3&#8243;][vc_empty_space]<div class=\"mkdf-elements-holder mkdf-responsive-mode-768\" ><div class=\"mkdf-eh-item mkdf-horizontal-alignment-center\"   data-item-class=\"mkdf-eh-custom-214720\">\n\t<div class=\"mkdf-eh-item-inner\">\n\t\t<div class=\"mkdf-eh-item-content mkdf-eh-custom-214720\" >\n\t\t\t[vc_column_text]<\/p>\n<h3 style=\"text-align: center;\"><span style=\"color: #376270;\"><span style=\"color: #ededed;\">\n<h2 class=\"mkdf-custom-font-holder\" style=\"font-size: 80px;line-height: 2px;font-style: normal;letter-spacing: 2px;text-decoration: none;text-align: left;color: #C7C4C3\" data-font-size= 80px  data-line-height= 2px>\n02<\/h2> \u00a0<\/span><\/span><span style=\"color: #376270;\">Planeando tu sesi\u00f3n<\/span><\/h3>\n<p>Recibe una confirmaci\u00f3n dentro de las 24-48 horas. \u00a0Nuestro concierge se pondr\u00e1 en contacto contigo y te ayudar\u00e1 a planificar tu sesi\u00f3n.<\/p>\n<p>Preg\u00fantale cu\u00e1l es el mejor momento del d\u00eda para la sesi\u00f3n fotogr\u00e1fica, qu\u00e9 ropa usar, o \u00a0ideas para la sesi\u00f3n.<br \/>\n[\/vc_column_text]\t\t<\/div>\n\t<\/div>\n<\/div><\/div>[\/vc_column][vc_column width=\u00bb1\/3&#8243;][vc_empty_space]<div class=\"mkdf-elements-holder mkdf-responsive-mode-768\" ><div class=\"mkdf-eh-item mkdf-horizontal-alignment-center\"   data-item-class=\"mkdf-eh-custom-144350\">\n\t<div class=\"mkdf-eh-item-inner\">\n\t\t<div class=\"mkdf-eh-item-content mkdf-eh-custom-144350\" >\n\t\t\t[vc_column_text]<\/p>\n<h3 style=\"text-align: center;\"><span style=\"color: #376270;\"><span style=\"color: #ededed;\">\n<h2 class=\"mkdf-custom-font-holder\" style=\"font-size: 80px;line-height: 2px;font-style: normal;letter-spacing: 2px;text-decoration: none;text-align: left;color: #C7C4C3\" data-font-size= 80px  data-line-height= 2px>\n03<\/h2> \u00a0<\/span><\/span><span style=\"color: #376270;\">Conoce a tu fot\u00f3grafo<\/span><\/h3>\n<p>\u00a1Comienza la diversi\u00f3n! Tu fot\u00f3grafo te contactar\u00e1 en breve\u00a0para coordinar su punto de encuentro y lugar.<\/p>\n<p>Tambi\u00e9n puedes preguntar sobre los lugares que debes visitar en la ciudad porque ellos conocen la ciudad como la palma de su mano.<br \/>\n[\/vc_column_text]\t\t<\/div>\n\t<\/div>\n<\/div><\/div>[\/vc_column][vc_column][\/vc_column][vc_column][\/vc_column][vc_column][\/vc_column][vc_column][\/vc_column][\/vc_row][vc_row][vc_column][vc_empty_space height=\u00bb50px\u00bb][\/vc_column][\/vc_row][vc_row][vc_column width=\u00bb1\/3&#8243;][\/vc_column][vc_column width=\u00bb1\/3&#8243;][vc_text_separator title=\u00bbWHAT HAPPENS NEXT\u00bb][\/vc_column][vc_column width=\u00bb1\/3&#8243;][\/vc_column][\/vc_row][vc_row][vc_column][vc_empty_space height=\u00bb50px\u00bb][\/vc_column][\/vc_row][vc_row][vc_column width=\u00bb1\/3&#8243;][vc_empty_space css=\u00bb.vc_custom_1539773656925{border-radius: 25px !important;}\u00bb]<div class=\"mkdf-elements-holder mkdf-responsive-mode-768\" ><div class=\"mkdf-eh-item mkdf-horizontal-alignment-center\"   data-item-class=\"mkdf-eh-custom-152210\">\n\t<div class=\"mkdf-eh-item-inner\">\n\t\t<div class=\"mkdf-eh-item-content mkdf-eh-custom-152210\" >\n\t\t\t[vc_column_text]<\/p>\n<h3 style=\"text-align: center;\"><span style=\"color: #376270;\"><span style=\"color: #ededed;\">\n<h2 class=\"mkdf-custom-font-holder\" style=\"font-size: 80px;line-height: 2px;font-style: normal;letter-spacing: 2px;text-decoration: none;text-align: left;color: #C7C4C3\" data-font-size= 80px  data-line-height= 2px>\n04<\/h2> \u00a0<\/span><\/span><span style=\"color: #376270;\">Experimenta la ciudad!<\/span><\/h3>\n<p style=\"padding-left: 60px; text-align: justify;\">Es hora de conocer a tu fot\u00f3grafo y comenzar la sesi\u00f3n de fotos. Divi\u00e9rtete mucho capturando tus memorias de viaje. Tu captourer ser\u00e1 amigable y encantador, te lo prometemos. \u00a1Nuestras sesiones de fotos son una experiencia de viaje donde puedes aprender de la cultura, el idioma y las gemas ocultas de tu destino!<\/p>\n<p>[\/vc_column_text]\t\t<\/div>\n\t<\/div>\n<\/div><\/div>[\/vc_column][vc_column width=\u00bb1\/3&#8243;][vc_empty_space]<div class=\"mkdf-elements-holder mkdf-responsive-mode-768\" ><div class=\"mkdf-eh-item mkdf-horizontal-alignment-center\"   data-item-class=\"mkdf-eh-custom-393440\">\n\t<div class=\"mkdf-eh-item-inner\">\n\t\t<div class=\"mkdf-eh-item-content mkdf-eh-custom-393440\" >\n\t\t\t[vc_column_text]<\/p>\n<h3 style=\"text-align: center;\"><span style=\"color: #376270;\"><span style=\"color: #ededed;\">\n<h2 class=\"mkdf-custom-font-holder\" style=\"font-size: 80px;line-height: 2px;font-style: normal;letter-spacing: 2px;text-decoration: none;text-align: left;color: #C7C4C3\" data-font-size= 80px  data-line-height= 2px>\n05<\/h2><\/span><\/span><span style=\"color: #376270;\">Preparando tus fotos<\/span><\/h3>\n<p style=\"padding-left: 60px; text-align: justify;\">Una vez que finalice su sesi\u00f3n, tu Captourer ordenar\u00e1 y editar\u00e1 la cantidad de fotos incluidas en tu paquete.<\/p>\n<p>[\/vc_column_text]\t\t<\/div>\n\t<\/div>\n<\/div><\/div>[\/vc_column][vc_column width=\u00bb1\/3&#8243;][vc_empty_space]<div class=\"mkdf-elements-holder mkdf-responsive-mode-768\" ><div class=\"mkdf-eh-item mkdf-horizontal-alignment-center\"   data-item-class=\"mkdf-eh-custom-345490\">\n\t<div class=\"mkdf-eh-item-inner\">\n\t\t<div class=\"mkdf-eh-item-content mkdf-eh-custom-345490\" >\n\t\t\t[vc_column_text]<\/p>\n<h3 style=\"text-align: center;\"><span style=\"color: #376270;\"><span style=\"color: #ededed;\">\n<h2 class=\"mkdf-custom-font-holder\" style=\"font-size: 80px;line-height: 2px;font-style: normal;letter-spacing: 2px;text-decoration: none;text-align: left;color: #C7C4C3\" data-font-size= 80px  data-line-height= 2px>\n06<\/h2> \u00a0<\/span><\/span><span style=\"color: #376270;\">Recibe tu mejor souvenir<\/span><\/h3>\n<p class=\"text-align-center\" style=\"padding-left: 60px; text-align: justify;\">\u00a1Revive tus vacaciones antes de que hayas desempacado! Tus fotos se enviar\u00e1n dentro de los 5 d\u00edas posteriores a la sesi\u00f3n, donde podr\u00e1s verlas, compartirlas y descargarlas desde tu tel\u00e9fono, tablet o computadora.<\/p>\n<p>[\/vc_column_text]\t\t<\/div>\n\t<\/div>\n<\/div><\/div>[\/vc_column][\/vc_row][vc_row][vc_column][vc_empty_space height=\u00bb50px\u00bb][\/vc_column][\/vc_row][vc_row][vc_column width=\u00bb3\/6&#8243;][vc_column_text]<\/p>\n<h3 style=\"padding-left: 60px; text-align: justify;\">\n<h3 class=\"mkdf-custom-font-holder\" style=\"font-size: 25px;line-height: 30px;font-style: normal;text-decoration: none;text-align: left\" data-font-size= 25px  data-line-height= 30>\n\u00bfListo para disfrutar de una aventura incre\u00edble de la mano de tu fot\u00f3grafo de vacaciones?<\/h3><\/h3>\n<p>[\/vc_column_text][\/vc_column][vc_column width=\u00bb1\/6&#8243;][\/vc_column][vc_column width=\u00bb2\/6&#8243;][vc_empty_space height=\u00bb40px\u00bb]<div class=\"mkdf-elements-holder mkdf-responsive-mode-768 mkdf-one-column-alignment-center\" ><div class=\"mkdf-eh-item mkdf-horizontal-alignment-center\"   data-item-class=\"mkdf-eh-custom-849905\">\n\t<div class=\"mkdf-eh-item-inner\">\n\t\t<div class=\"mkdf-eh-item-content mkdf-eh-custom-849905\" >\n\t\t\t<a href=\"https:\/\/www.captourist.com\/destinations-list\/\" target=\"_self\" style=\"color: #ffffff;background-color: #44829b;border-color: #44829b;font-weight: 500;margin: 5px\" class=\"mkdf-btn mkdf-btn-medium mkdf-btn-solid mkdf-btn-custom-hover-color .btn-round-lg{ border-radius: 22.5px; } .btn-round{ border-radius: 17px; } .btn-round-sm{ border-radius: 15px; } .btn-round-xs{ border-radius: 11px; padding-left: 10px; padding-right: 10px; mkdf-btn-hover-solid\"  data-hover-color=\"#44829b\" >\n\t<span class=\"mkdf-btn-text\">Reserva tu fot\u00f3grafo<\/span>\n\t\n\t\t\t<span class=\"mkdf-btn-helper\" ><\/span>\n\t<\/a>\t\t<\/div>\n\t<\/div>\n<\/div><\/div>[\/vc_column][\/vc_row][vc_row][vc_column][vc_empty_space height=\u00bb50px\u00bb][\/vc_column][\/vc_row][vc_row][vc_column][vc_empty_space height=\u00bb50px\u00bb][\/vc_column][\/vc_row][vc_row][vc_column width=\u00bb1\/3&#8243;][\/vc_column][vc_column width=\u00bb1\/3&#8243;][vc_text_separator title=\u00bbRevive tus vacaciones\u00bb][\/vc_column][vc_column width=\u00bb1\/3&#8243;][\/vc_column][\/vc_row][vc_row][vc_column][vc_empty_space height=\u00bb50px\u00bb][\/vc_column][\/vc_row][vc_row css=\u00bb.vc_custom_1540293219240{background-color: #ffffff !important;}\u00bb][vc_column][vc_empty_space][\/vc_column][\/vc_row]<\/p>\n","protected":false},"excerpt":{"rendered":"<p>[vc_row][vc_column][vc_empty_space height=\u00bb10px\u00bb][vc_row_inner content_aligment=\u00bbcenter\u00bb transition_delay=\u00bb70&#8243; el_id=\u00bb2&#8243;][vc_column_inner width=\u00bb3\/6&#8243;][\/vc_column_inner][vc_column_inner width=\u00bb1\/6&#8243;][\/vc_column_inner][vc_column_inner width=\u00bb1\/4&#8243;][\/vc_column_inner][\/vc_row_inner][vc_column_text] Te sugerimos reservar con dos semanas de anticipaci\u00f3n para asegurar el fot\u00f3grafo y el tiempo de la sesi\u00f3n. [\/vc_column_text][\/vc_column][\/vc_row][vc_row][vc_column width=\u00bb1\/3&#8243;][vc_empty_space][\/vc_column][vc_column width=\u00bb1\/3&#8243;][vc_empty_space][\/vc_column][vc_column width=\u00bb1\/3&#8243;][vc_empty_space][\/vc_column][vc_column][\/vc_column][vc_column][\/vc_column][vc_column][\/vc_column][vc_column][\/vc_column][\/vc_row][vc_row][vc_column][vc_empty_space height=\u00bb50px\u00bb][\/vc_column][\/vc_row][vc_row][vc_column width=\u00bb1\/3&#8243;][\/vc_column][vc_column width=\u00bb1\/3&#8243;][vc_text_separator title=\u00bbWHAT HAPPENS NEXT\u00bb][\/vc_column][vc_column width=\u00bb1\/3&#8243;][\/vc_column][\/vc_row][vc_row][vc_column][vc_empty_space height=\u00bb50px\u00bb][\/vc_column][\/vc_row][vc_row][vc_column width=\u00bb1\/3&#8243;][vc_empty_space css=\u00bb.vc_custom_1539773656925{border-radius: 25px !important;}\u00bb][\/vc_column][vc_column width=\u00bb1\/3&#8243;][vc_empty_space][\/vc_column][vc_column width=\u00bb1\/3&#8243;][vc_empty_space][\/vc_column][\/vc_row][vc_row][vc_column][vc_empty_space height=\u00bb50px\u00bb][\/vc_column][\/vc_row][vc_row][vc_column [&hellip;]<\/p>\n","protected":false},"author":1,"featured_media":8627,"parent":8398,"menu_order":0,"comment_status":"closed","ping_status":"closed","template":"","meta":{"footnotes":""},"class_list":["post-8123","page","type-page","status-publish","has-post-thumbnail","hentry"],"yoast_head":"<!-- This site is optimized with the Yoast SEO plugin v25.2 - https:\/\/yoast.com\/wordpress\/plugins\/seo\/ -->\n<title>Reserva un fot\u00f3grafo profesional para tu pr\u00f3ximo viaje. | Captourist<\/title>\n<meta name=\"description\" content=\"Con Captourist reservar un fot\u00f3grafo profesional de viaje es realmente simple, solo debe seguir los siguientes pasos: planificar tu sesi\u00f3n...\" \/>\n<meta name=\"robots\" content=\"index, follow, max-snippet:-1, max-image-preview:large, max-video-preview:-1\" \/>\n<link rel=\"canonical\" href=\"https:\/\/www.captourist.com\/es\/nuestra-historia\/como-funciona\/\" \/>\n<meta property=\"og:locale\" content=\"es_ES\" \/>\n<meta property=\"og:type\" content=\"article\" \/>\n<meta property=\"og:title\" content=\"Reserva un fot\u00f3grafo profesional para tu pr\u00f3ximo viaje. | Captourist\" \/>\n<meta property=\"og:description\" content=\"Con Captourist reservar un fot\u00f3grafo profesional de viaje es realmente simple, solo debe seguir los siguientes pasos: planificar tu sesi\u00f3n...\" \/>\n<meta property=\"og:url\" content=\"https:\/\/www.captourist.com\/es\/nuestra-historia\/como-funciona\/\" \/>\n<meta property=\"og:site_name\" content=\"Captourist\" \/>\n<meta property=\"article:publisher\" content=\"https:\/\/www.facebook.com\/captourist\/\" \/>\n<meta property=\"article:modified_time\" content=\"2019-04-19T10:39:50+00:00\" \/>\n<meta property=\"og:image\" content=\"https:\/\/www.captourist.com\/wp-content\/uploads\/2019\/01\/Como-funciona.jpg\" \/>\n\t<meta property=\"og:image:width\" content=\"800\" \/>\n\t<meta property=\"og:image:height\" content=\"829\" \/>\n\t<meta property=\"og:image:type\" content=\"image\/jpeg\" \/>\n<meta name=\"twitter:card\" content=\"summary_large_image\" \/>\n<meta name=\"twitter:site\" content=\"@captourist\" \/>\n<meta name=\"twitter:label1\" content=\"Tiempo de lectura\" \/>\n\t<meta name=\"twitter:data1\" content=\"7 minutos\" \/>\n<script type=\"application\/ld+json\" class=\"yoast-schema-graph\">{\"@context\":\"https:\/\/schema.org\",\"@graph\":[{\"@type\":\"WebPage\",\"@id\":\"https:\/\/www.captourist.com\/es\/nuestra-historia\/como-funciona\/\",\"url\":\"https:\/\/www.captourist.com\/es\/nuestra-historia\/como-funciona\/\",\"name\":\"Reserva un fot\u00f3grafo profesional para tu pr\u00f3ximo viaje. | Captourist\",\"isPartOf\":{\"@id\":\"https:\/\/www.captourist.com\/#website\"},\"primaryImageOfPage\":{\"@id\":\"https:\/\/www.captourist.com\/es\/nuestra-historia\/como-funciona\/#primaryimage\"},\"image\":{\"@id\":\"https:\/\/www.captourist.com\/es\/nuestra-historia\/como-funciona\/#primaryimage\"},\"thumbnailUrl\":\"https:\/\/www.captourist.com\/wp-content\/uploads\/2019\/01\/Como-funciona.jpg\",\"datePublished\":\"2016-10-31T14:40:51+00:00\",\"dateModified\":\"2019-04-19T10:39:50+00:00\",\"description\":\"Con Captourist reservar un fot\u00f3grafo profesional de viaje es realmente simple, solo debe seguir los siguientes pasos: planificar tu sesi\u00f3n...\",\"breadcrumb\":{\"@id\":\"https:\/\/www.captourist.com\/es\/nuestra-historia\/como-funciona\/#breadcrumb\"},\"inLanguage\":\"es\",\"potentialAction\":[{\"@type\":\"ReadAction\",\"target\":[\"https:\/\/www.captourist.com\/es\/nuestra-historia\/como-funciona\/\"]}]},{\"@type\":\"ImageObject\",\"inLanguage\":\"es\",\"@id\":\"https:\/\/www.captourist.com\/es\/nuestra-historia\/como-funciona\/#primaryimage\",\"url\":\"https:\/\/www.captourist.com\/wp-content\/uploads\/2019\/01\/Como-funciona.jpg\",\"contentUrl\":\"https:\/\/www.captourist.com\/wp-content\/uploads\/2019\/01\/Como-funciona.jpg\",\"width\":800,\"height\":829,\"caption\":\"fotografo-profesional-viaje\"},{\"@type\":\"BreadcrumbList\",\"@id\":\"https:\/\/www.captourist.com\/es\/nuestra-historia\/como-funciona\/#breadcrumb\",\"itemListElement\":[{\"@type\":\"ListItem\",\"position\":1,\"name\":\"Home\",\"item\":\"https:\/\/www.captourist.com\/es\/\"},{\"@type\":\"ListItem\",\"position\":2,\"name\":\"Nuestra historia\",\"item\":\"https:\/\/www.captourist.com\/es\/nuestra-historia\/\"},{\"@type\":\"ListItem\",\"position\":3,\"name\":\"C\u00d3MO FUNCIONA\"}]},{\"@type\":\"WebSite\",\"@id\":\"https:\/\/www.captourist.com\/#website\",\"url\":\"https:\/\/www.captourist.com\/\",\"name\":\"Captourist\",\"description\":\"Book a professional photographer in Europe\",\"publisher\":{\"@id\":\"https:\/\/www.captourist.com\/#organization\"},\"potentialAction\":[{\"@type\":\"SearchAction\",\"target\":{\"@type\":\"EntryPoint\",\"urlTemplate\":\"https:\/\/www.captourist.com\/?s={search_term_string}\"},\"query-input\":{\"@type\":\"PropertyValueSpecification\",\"valueRequired\":true,\"valueName\":\"search_term_string\"}}],\"inLanguage\":\"es\"},{\"@type\":\"Organization\",\"@id\":\"https:\/\/www.captourist.com\/#organization\",\"name\":\"Captourist\",\"url\":\"https:\/\/www.captourist.com\/\",\"logo\":{\"@type\":\"ImageObject\",\"inLanguage\":\"es\",\"@id\":\"https:\/\/www.captourist.com\/#\/schema\/logo\/image\/\",\"url\":\"https:\/\/www.captourist.com\/wp-content\/uploads\/2016\/04\/cropped-LOGOsite.png\",\"contentUrl\":\"https:\/\/www.captourist.com\/wp-content\/uploads\/2016\/04\/cropped-LOGOsite.png\",\"width\":512,\"height\":512,\"caption\":\"Captourist\"},\"image\":{\"@id\":\"https:\/\/www.captourist.com\/#\/schema\/logo\/image\/\"},\"sameAs\":[\"https:\/\/www.facebook.com\/captourist\/\",\"https:\/\/x.com\/captourist\",\"https:\/\/www.instagram.com\/hola.captourist\/\"]}]}<\/script>\n<!-- \/ Yoast SEO plugin. -->","yoast_head_json":{"title":"Reserva un fot\u00f3grafo profesional para tu pr\u00f3ximo viaje. | Captourist","description":"Con Captourist reservar un fot\u00f3grafo profesional de viaje es realmente simple, solo debe seguir los siguientes pasos: planificar tu sesi\u00f3n...","robots":{"index":"index","follow":"follow","max-snippet":"max-snippet:-1","max-image-preview":"max-image-preview:large","max-video-preview":"max-video-preview:-1"},"canonical":"https:\/\/www.captourist.com\/es\/nuestra-historia\/como-funciona\/","og_locale":"es_ES","og_type":"article","og_title":"Reserva un fot\u00f3grafo profesional para tu pr\u00f3ximo viaje. | Captourist","og_description":"Con Captourist reservar un fot\u00f3grafo profesional de viaje es realmente simple, solo debe seguir los siguientes pasos: planificar tu sesi\u00f3n...","og_url":"https:\/\/www.captourist.com\/es\/nuestra-historia\/como-funciona\/","og_site_name":"Captourist","article_publisher":"https:\/\/www.facebook.com\/captourist\/","article_modified_time":"2019-04-19T10:39:50+00:00","og_image":[{"width":800,"height":829,"url":"https:\/\/www.captourist.com\/wp-content\/uploads\/2019\/01\/Como-funciona.jpg","type":"image\/jpeg"}],"twitter_card":"summary_large_image","twitter_site":"@captourist","twitter_misc":{"Tiempo de lectura":"7 minutos"},"schema":{"@context":"https:\/\/schema.org","@graph":[{"@type":"WebPage","@id":"https:\/\/www.captourist.com\/es\/nuestra-historia\/como-funciona\/","url":"https:\/\/www.captourist.com\/es\/nuestra-historia\/como-funciona\/","name":"Reserva un fot\u00f3grafo profesional para tu pr\u00f3ximo viaje. | Captourist","isPartOf":{"@id":"https:\/\/www.captourist.com\/#website"},"primaryImageOfPage":{"@id":"https:\/\/www.captourist.com\/es\/nuestra-historia\/como-funciona\/#primaryimage"},"image":{"@id":"https:\/\/www.captourist.com\/es\/nuestra-historia\/como-funciona\/#primaryimage"},"thumbnailUrl":"https:\/\/www.captourist.com\/wp-content\/uploads\/2019\/01\/Como-funciona.jpg","datePublished":"2016-10-31T14:40:51+00:00","dateModified":"2019-04-19T10:39:50+00:00","description":"Con Captourist reservar un fot\u00f3grafo profesional de viaje es realmente simple, solo debe seguir los siguientes pasos: planificar tu sesi\u00f3n...","breadcrumb":{"@id":"https:\/\/www.captourist.com\/es\/nuestra-historia\/como-funciona\/#breadcrumb"},"inLanguage":"es","potentialAction":[{"@type":"ReadAction","target":["https:\/\/www.captourist.com\/es\/nuestra-historia\/como-funciona\/"]}]},{"@type":"ImageObject","inLanguage":"es","@id":"https:\/\/www.captourist.com\/es\/nuestra-historia\/como-funciona\/#primaryimage","url":"https:\/\/www.captourist.com\/wp-content\/uploads\/2019\/01\/Como-funciona.jpg","contentUrl":"https:\/\/www.captourist.com\/wp-content\/uploads\/2019\/01\/Como-funciona.jpg","width":800,"height":829,"caption":"fotografo-profesional-viaje"},{"@type":"BreadcrumbList","@id":"https:\/\/www.captourist.com\/es\/nuestra-historia\/como-funciona\/#breadcrumb","itemListElement":[{"@type":"ListItem","position":1,"name":"Home","item":"https:\/\/www.captourist.com\/es\/"},{"@type":"ListItem","position":2,"name":"Nuestra historia","item":"https:\/\/www.captourist.com\/es\/nuestra-historia\/"},{"@type":"ListItem","position":3,"name":"C\u00d3MO FUNCIONA"}]},{"@type":"WebSite","@id":"https:\/\/www.captourist.com\/#website","url":"https:\/\/www.captourist.com\/","name":"Captourist","description":"Book a professional photographer in Europe","publisher":{"@id":"https:\/\/www.captourist.com\/#organization"},"potentialAction":[{"@type":"SearchAction","target":{"@type":"EntryPoint","urlTemplate":"https:\/\/www.captourist.com\/?s={search_term_string}"},"query-input":{"@type":"PropertyValueSpecification","valueRequired":true,"valueName":"search_term_string"}}],"inLanguage":"es"},{"@type":"Organization","@id":"https:\/\/www.captourist.com\/#organization","name":"Captourist","url":"https:\/\/www.captourist.com\/","logo":{"@type":"ImageObject","inLanguage":"es","@id":"https:\/\/www.captourist.com\/#\/schema\/logo\/image\/","url":"https:\/\/www.captourist.com\/wp-content\/uploads\/2016\/04\/cropped-LOGOsite.png","contentUrl":"https:\/\/www.captourist.com\/wp-content\/uploads\/2016\/04\/cropped-LOGOsite.png","width":512,"height":512,"caption":"Captourist"},"image":{"@id":"https:\/\/www.captourist.com\/#\/schema\/logo\/image\/"},"sameAs":["https:\/\/www.facebook.com\/captourist\/","https:\/\/x.com\/captourist","https:\/\/www.instagram.com\/hola.captourist\/"]}]}},"_links":{"self":[{"href":"https:\/\/www.captourist.com\/es\/wp-json\/wp\/v2\/pages\/8123"}],"collection":[{"href":"https:\/\/www.captourist.com\/es\/wp-json\/wp\/v2\/pages"}],"about":[{"href":"https:\/\/www.captourist.com\/es\/wp-json\/wp\/v2\/types\/page"}],"author":[{"embeddable":true,"href":"https:\/\/www.captourist.com\/es\/wp-json\/wp\/v2\/users\/1"}],"replies":[{"embeddable":true,"href":"https:\/\/www.captourist.com\/es\/wp-json\/wp\/v2\/comments?post=8123"}],"version-history":[{"count":7,"href":"https:\/\/www.captourist.com\/es\/wp-json\/wp\/v2\/pages\/8123\/revisions"}],"predecessor-version":[{"id":9727,"href":"https:\/\/www.captourist.com\/es\/wp-json\/wp\/v2\/pages\/8123\/revisions\/9727"}],"up":[{"embeddable":true,"href":"https:\/\/www.captourist.com\/es\/wp-json\/wp\/v2\/pages\/8398"}],"wp:featuredmedia":[{"embeddable":true,"href":"https:\/\/www.captourist.com\/es\/wp-json\/wp\/v2\/media\/8627"}],"wp:attachment":[{"href":"https:\/\/www.captourist.com\/es\/wp-json\/wp\/v2\/media?parent=8123"}],"curies":[{"name":"wp","href":"https:\/\/api.w.org\/{rel}","templated":true}]}}