{"id":12223,"date":"2022-06-16T13:53:09","date_gmt":"2022-06-16T11:53:09","guid":{"rendered":"https:\/\/www.captourist.com\/?page_id=12223"},"modified":"2023-03-02T19:17:22","modified_gmt":"2023-03-02T18:17:22","slug":"servicios-boda-en-paris","status":"publish","type":"page","link":"https:\/\/www.captourist.com\/es\/servicios-boda-en-paris\/","title":{"rendered":"BODA EN PARIS"},"content":{"rendered":"<p>[vc_row][vc_column][vc_column_text]<\/p>\n<h1 style=\"text-align: center;\"><\/h1>\n<p>[\/vc_column_text][\/vc_column][\/vc_row][vc_row][vc_column width=\u00bb1\/3&#8243;][\/vc_column][vc_column width=\u00bb1\/3&#8243;]<div class=\"mkdf-elements-holder mkdf-responsive-mode-768 mkdf-one-column-alignment-center\" ><div class=\"mkdf-eh-item \"   data-item-class=\"mkdf-eh-custom-461740\">\n\t<div class=\"mkdf-eh-item-inner\">\n\t\t<div class=\"mkdf-eh-item-content mkdf-eh-custom-461740\" >\n\t\t\t[vc_column_text]<\/p>\n<h1 style=\"text-align: center;\">\u00bfQu\u00e9 podemos ofrecerte para tu\u00a0Boda en Par\u00eds?<\/h1>\n<p>[\/vc_column_text][vc_column_text]Sabemos que organizar tu <i>Boda<\/i><span class=\"Apple-converted-space\">\u00a0<\/span>en Par\u00eds es un verdadero reto sobretodo si lo est\u00e1s haciendo desde el extranjero. Hemos formado un equipo de personas maravillosas especializadas en diferentes servicios para ayudarte a hacer realidad tu boda so\u00f1ada.<\/p>\n<p>[\/vc_column_text]\t\t<\/div>\n\t<\/div>\n<\/div><\/div>[\/vc_column][vc_column width=\u00bb1\/3&#8243;][\/vc_column][\/vc_row][vc_row][vc_column][vc_empty_space][\/vc_column][\/vc_row][vc_row][vc_column width=\u00bb1\/3&#8243;]<div class=\"mkdf-elements-holder mkdf-responsive-mode-768\" ><div class=\"mkdf-eh-item \"   data-item-class=\"mkdf-eh-custom-409183\">\n\t<div class=\"mkdf-eh-item-inner\">\n\t\t<div class=\"mkdf-eh-item-content mkdf-eh-custom-409183\" >\n\t\t\t[vc_single_image image=\u00bb12332&#8243; img_size=\u00bb700&#215;920&#8243;]\t\t<\/div>\n\t<\/div>\n<\/div><\/div><div class=\"mkdf-elements-holder mkdf-responsive-mode-768\" ><div class=\"mkdf-eh-item \"   data-item-class=\"mkdf-eh-custom-971279\">\n\t<div class=\"mkdf-eh-item-inner\">\n\t\t<div class=\"mkdf-eh-item-content mkdf-eh-custom-971279\" >\n\t\t\t[vc_column_text]<\/p>\n<h2>Wedding Planner<\/h2>\n<p>[\/vc_column_text][vc_empty_space][vc_column_text]Rel\u00e1jate y disfruta de la experiencia al m\u00e1ximo con la ayuda de tu <em>wedding planner<\/em>. Organizar una boda en Paris, sin importar el tama\u00f1o, puede ser un desaf\u00edo. Nuestro objetivo es ayudarte a dise\u00f1ar una boda con estilo y libre de estr\u00e9s hasta el m\u00ednimo detalle. Y al mismo tiempo asegurarte de que tendr\u00e1s la boda m\u00e1s maravillosa y especial.<\/p>\n<p>[\/vc_column_text]\t\t<\/div>\n\t<\/div>\n<\/div><\/div>[\/vc_column][vc_column width=\u00bb1\/3&#8243;]<div class=\"mkdf-elements-holder mkdf-responsive-mode-768\" ><div class=\"mkdf-eh-item \"   data-item-class=\"mkdf-eh-custom-248759\">\n\t<div class=\"mkdf-eh-item-inner\">\n\t\t<div class=\"mkdf-eh-item-content mkdf-eh-custom-248759\" >\n\t\t\t[vc_single_image image=\u00bb12341&#8243; img_size=\u00bb700&#215;920&#8243;]\t\t<\/div>\n\t<\/div>\n<\/div><\/div><div class=\"mkdf-elements-holder mkdf-responsive-mode-768\" ><div class=\"mkdf-eh-item \"   data-item-class=\"mkdf-eh-custom-551773\">\n\t<div class=\"mkdf-eh-item-inner\">\n\t\t<div class=\"mkdf-eh-item-content mkdf-eh-custom-551773\" >\n\t\t\t[vc_column_text]<\/p>\n<h2>Fot\u00f3grafo de Bodas<\/h2>\n<p>[\/vc_column_text][vc_empty_space][vc_column_text]Tu fot\u00f3grafo de boda estar\u00e1 presente para capturar momentos espont\u00e1neos y las mas bellas emociones. Sabemos que cada pareja es \u00fanica y especial y eso se ver\u00e1 reflejado en cada fotograf\u00eda. Les aseguramos una experiencia maravillosa y fotos que amar\u00e1n por el resto de sus vidas.[\/vc_column_text]\t\t<\/div>\n\t<\/div>\n<\/div><\/div>[\/vc_column][vc_column width=\u00bb1\/3&#8243;]<div class=\"mkdf-elements-holder mkdf-responsive-mode-768\" ><div class=\"mkdf-eh-item \"   data-item-class=\"mkdf-eh-custom-382972\">\n\t<div class=\"mkdf-eh-item-inner\">\n\t\t<div class=\"mkdf-eh-item-content mkdf-eh-custom-382972\" >\n\t\t\t[vc_single_image image=\u00bb12334&#8243; img_size=\u00bb700&#215;920&#8243;]\t\t<\/div>\n\t<\/div>\n<\/div><\/div><div class=\"mkdf-elements-holder mkdf-responsive-mode-768\" ><div class=\"mkdf-eh-item \"   data-item-class=\"mkdf-eh-custom-241093\">\n\t<div class=\"mkdf-eh-item-inner\">\n\t\t<div class=\"mkdf-eh-item-content mkdf-eh-custom-241093\" >\n\t\t\t[vc_column_text]<\/p>\n<h2>Video Cinematogr\u00e1fico<\/h2>\n<p>[\/vc_column_text][vc_empty_space][vc_column_text]Tu <i>Boda\u00a0<\/i>en Par\u00eds merece ser\u00e1 de pel\u00edcula por lo que merece ser capturada en video para que puedas contar tu historia de la manera m\u00e1s especial. Nuestro objetivo es crear historias aut\u00e9nticas con un estilo cinem\u00e1tico precioso que capturar\u00e1 los momentos m\u00e1s bellos de su boda \u00edntima.[\/vc_column_text]\t\t<\/div>\n\t<\/div>\n<\/div><\/div>[\/vc_column][\/vc_row][vc_row][vc_column][vc_empty_space height=\u00bb64px\u00bb][\/vc_column][\/vc_row][vc_row][vc_column width=\u00bb1\/3&#8243;]<div class=\"mkdf-elements-holder mkdf-responsive-mode-768\" ><div class=\"mkdf-eh-item \"   data-item-class=\"mkdf-eh-custom-708916\">\n\t<div class=\"mkdf-eh-item-inner\">\n\t\t<div class=\"mkdf-eh-item-content mkdf-eh-custom-708916\" >\n\t\t\t[vc_single_image image=\u00bb12343&#8243; img_size=\u00bb700&#215;920&#8243;]\t\t<\/div>\n\t<\/div>\n<\/div><\/div><div class=\"mkdf-elements-holder mkdf-responsive-mode-768\" ><div class=\"mkdf-eh-item \"   data-item-class=\"mkdf-eh-custom-128453\">\n\t<div class=\"mkdf-eh-item-inner\">\n\t\t<div class=\"mkdf-eh-item-content mkdf-eh-custom-128453\" >\n\t\t\t[vc_column_text]<\/p>\n<h2>Oficiante (Espa\u00f1ol &amp; Franc\u00e9s)<\/h2>\n<p>[\/vc_column_text][vc_empty_space][vc_column_text]Estamos convencidos que cada pareja es \u00fanica, por lo tanto su historia es especial. Nuestro oficiante dedicar\u00e1 tiempo a conocerlos y saber su historia para que pueda llevar a cabo una ceremonia conmovedora y personalizada.[\/vc_column_text]\t\t<\/div>\n\t<\/div>\n<\/div><\/div>[\/vc_column][vc_column width=\u00bb1\/3&#8243;]<div class=\"mkdf-elements-holder mkdf-responsive-mode-768\" ><div class=\"mkdf-eh-item \"   data-item-class=\"mkdf-eh-custom-295625\">\n\t<div class=\"mkdf-eh-item-inner\">\n\t\t<div class=\"mkdf-eh-item-content mkdf-eh-custom-295625\" >\n\t\t\t[vc_single_image image=\u00bb12347&#8243; img_size=\u00bb700&#215;920&#8243;]\t\t<\/div>\n\t<\/div>\n<\/div><\/div><div class=\"mkdf-elements-holder mkdf-responsive-mode-768\" ><div class=\"mkdf-eh-item \"   data-item-class=\"mkdf-eh-custom-663155\">\n\t<div class=\"mkdf-eh-item-inner\">\n\t\t<div class=\"mkdf-eh-item-content mkdf-eh-custom-663155\" >\n\t\t\t[vc_column_text]<\/p>\n<h2>Make-Up &amp; Hair Stylist<\/h2>\n<p>[\/vc_column_text][vc_empty_space][vc_column_text]No hay mejor ocasi\u00f3n para consentirte que el d\u00eda de tu boda. Ya sea que tengas un estilo atrevido o prefieras un maquillaje natural, te recomendamos confiar tu peinado y maquillaje a un profesional.<\/p>\n<p>[\/vc_column_text]\t\t<\/div>\n\t<\/div>\n<\/div><\/div>[\/vc_column][vc_column width=\u00bb1\/3&#8243;]<div class=\"mkdf-elements-holder mkdf-responsive-mode-768\" ><div class=\"mkdf-eh-item \"   data-item-class=\"mkdf-eh-custom-694606\">\n\t<div class=\"mkdf-eh-item-inner\">\n\t\t<div class=\"mkdf-eh-item-content mkdf-eh-custom-694606\" >\n\t\t\t[vc_single_image image=\u00bb12336&#8243; img_size=\u00bb700&#215;920&#8243;]\t\t<\/div>\n\t<\/div>\n<\/div><\/div><div class=\"mkdf-elements-holder mkdf-responsive-mode-768\" ><div class=\"mkdf-eh-item \"   data-item-class=\"mkdf-eh-custom-527713\">\n\t<div class=\"mkdf-eh-item-inner\">\n\t\t<div class=\"mkdf-eh-item-content mkdf-eh-custom-527713\" >\n\t\t\t[vc_column_text]<\/p>\n<h2>Bouquet de Flores<\/h2>\n<p>[\/vc_column_text][vc_empty_space][vc_column_text]Qu\u00e9 mejor que un bouquet de flores parisino personalizado. Puede ser discreto y a la vez elegante o puede a\u00f1adir color a tu look. Definitivamente un hermoso bouquet de flores no puede faltar el d\u00eda de tu boda.[\/vc_column_text]\t\t<\/div>\n\t<\/div>\n<\/div><\/div>[\/vc_column][\/vc_row][vc_row][vc_column][vc_empty_space height=\u00bb64px\u00bb][\/vc_column][\/vc_row][vc_row][vc_column width=\u00bb1\/3&#8243;]<div class=\"mkdf-elements-holder mkdf-responsive-mode-768\" ><div class=\"mkdf-eh-item \"   data-item-class=\"mkdf-eh-custom-572309\">\n\t<div class=\"mkdf-eh-item-inner\">\n\t\t<div class=\"mkdf-eh-item-content mkdf-eh-custom-572309\" >\n\t\t\t[vc_single_image image=\u00bb12432&#8243; img_size=\u00bb700&#215;920&#8243;]\t\t<\/div>\n\t<\/div>\n<\/div><\/div><div class=\"mkdf-elements-holder mkdf-responsive-mode-768\" ><div class=\"mkdf-eh-item \"   data-item-class=\"mkdf-eh-custom-169751\">\n\t<div class=\"mkdf-eh-item-inner\">\n\t\t<div class=\"mkdf-eh-item-content mkdf-eh-custom-169751\" >\n\t\t\t[vc_column_text]<\/p>\n<h2>Decoraci\u00f3n<\/h2>\n<p>[\/vc_column_text][vc_empty_space][vc_column_text]Par\u00eds es ya de por s\u00ed hermosa, darle un toque personalizado a tu ceremonia con una decoraci\u00f3n a tu estilo har\u00e1 de tu boda algo a\u00fan m\u00e1s exclusivo y especial. Y en definitiva ayudan a que tus fotos \u00a0sean a\u00fan m\u00e1s preciosas.[\/vc_column_text]\t\t<\/div>\n\t<\/div>\n<\/div><\/div>[\/vc_column][vc_column width=\u00bb1\/3&#8243;]<div class=\"mkdf-elements-holder mkdf-responsive-mode-768\" ><div class=\"mkdf-eh-item \"   data-item-class=\"mkdf-eh-custom-263366\">\n\t<div class=\"mkdf-eh-item-inner\">\n\t\t<div class=\"mkdf-eh-item-content mkdf-eh-custom-263366\" >\n\t\t\t[vc_single_image image=\u00bb12435&#8243; img_size=\u00bb700&#215;920&#8243;]\t\t<\/div>\n\t<\/div>\n<\/div><\/div><div class=\"mkdf-elements-holder mkdf-responsive-mode-768\" ><div class=\"mkdf-eh-item \"   data-item-class=\"mkdf-eh-custom-214812\">\n\t<div class=\"mkdf-eh-item-inner\">\n\t\t<div class=\"mkdf-eh-item-content mkdf-eh-custom-214812\" >\n\t\t\t[vc_column_text]<\/p>\n<h2>Champagne<\/h2>\n<p>[\/vc_column_text][vc_empty_space][vc_column_text]Creemos que no hay celebraci\u00f3n si un poco de burbujas. Brindemos con unas copas de champagne para celebrar el enlace y por la nueva etapa que comienza. Y adem\u00e1s, \u00a1nos encantan los ba\u00f1os de champagne![\/vc_column_text]\t\t<\/div>\n\t<\/div>\n<\/div><\/div>[\/vc_column][vc_column width=\u00bb1\/3&#8243;]<div class=\"mkdf-elements-holder mkdf-responsive-mode-768\" ><div class=\"mkdf-eh-item \"   data-item-class=\"mkdf-eh-custom-726085\">\n\t<div class=\"mkdf-eh-item-inner\">\n\t\t<div class=\"mkdf-eh-item-content mkdf-eh-custom-726085\" >\n\t\t\t[vc_single_image image=\u00bb12437&#8243; img_size=\u00bb700&#215;920&#8243;]\t\t<\/div>\n\t<\/div>\n<\/div><\/div><div class=\"mkdf-elements-holder mkdf-responsive-mode-768\" ><div class=\"mkdf-eh-item \"   data-item-class=\"mkdf-eh-custom-994346\">\n\t<div class=\"mkdf-eh-item-inner\">\n\t\t<div class=\"mkdf-eh-item-content mkdf-eh-custom-994346\" >\n\t\t\t[vc_column_text]<\/p>\n<h2>Transporte<\/h2>\n<p>[\/vc_column_text][vc_empty_space][vc_column_text]\u00bfTe imaginas paseando por Par\u00eds en un coche antiguo? \u00bfTu estilo es m\u00e1s moderno? Contar con tu chofer personal el d\u00eda de tu boda es ideal para moverte de un lugar a otro con tranquilidad, sobretodo si tendr\u00e1s una sesi\u00f3n de fotos de varias horas.[\/vc_column_text]\t\t<\/div>\n\t<\/div>\n<\/div><\/div>[\/vc_column][\/vc_row][vc_row][vc_column][vc_column_text]<\/p>\n<p>&nbsp;<\/p>\n<p>[\/vc_column_text][\/vc_column][\/vc_row][vc_row css=\u00bb.vc_custom_1478770546349{padding-bottom: 144px !important;}\u00bb][\/vc_row][vc_column width=\u00bb1\/6&#8243;][\/vc_column][vc_column width=\u00bb2\/3&#8243;][\/vc_column][vc_column_text css=\u00bb.vc_custom_1668295154021{padding-right: 20px !important;padding-left: 20px !important;}\u00bb]<\/p>\n<h1 style=\"text-align: center;\">Planifiquemos Juntos tu Boda en Par\u00eds.<\/h1>\n<p style=\"text-align: center; color: #529db2;\"><span style=\"color: #800000;\">Creemos que cada <em>elopement wedding <\/em>es \u00fanico y no podemos esperar a \u00a0escuchar tu historia de amor.<\/span><\/p>\n<p>[\/vc_column_text][vc_empty_space][vc_single_image image=\u00bb8812&#8243; img_size=\u00bbfull\u00bb][vc_empty_space]<div class=\"mkdf-elements-holder mkdf-two-columns mkdf-responsive-mode-768 mkdf-one-column-alignment-center\" ><div class=\"mkdf-eh-item mkdf-horizontal-alignment-center\"   data-item-class=\"mkdf-eh-custom-843854\">\n\t<div class=\"mkdf-eh-item-inner\">\n\t\t<div class=\"mkdf-eh-item-content mkdf-eh-custom-843854\" >\n\t\t\t[vc_column_text]<\/p>\n<p style=\"text-align: center;\">Nos encantar\u00eda ayudarte a encontrar el paquete perfecto para tu boda so\u00f1ada en Par\u00eds para\u00a0vivir una experiencia maravillosa libre de estr\u00e9s y llevarte un recuerdo inolvidable que podr\u00e1s atesorar por siempre.<\/p>\n<p style=\"text-align: center;\">Todos nuestros paquetes cubren un amplio rango de servicios para ayudarte a crear tu boda perfecta y cada uno puede ser personalizado. Adem\u00e1s ofrecemos un paquete <em>\u00e0 la carte\u00a0<\/em>para poder dise\u00f1ar a medida tu Gran D\u00eda.<\/p>\n<p>[\/vc_column_text][vc_empty_space]\t\t<\/div>\n\t<\/div>\n<\/div><div class=\"mkdf-eh-item mkdf-horizontal-alignment-center\"   data-item-class=\"mkdf-eh-custom-327641\">\n\t<div class=\"mkdf-eh-item-inner\">\n\t\t<div class=\"mkdf-eh-item-content mkdf-eh-custom-327641\" >\n\t\t\t<a href=\"https:\/\/www.captourist.com\/es\/paquetes-elopement-en-paris\/\" target=\"_self\" style=\"background-color: #000000;border-color: #000000\" class=\"mkdf-btn mkdf-btn-medium mkdf-btn-solid mkdf-btn-custom-border-hover mkdf-btn-fill-from-top mkdf-btn-with-animation mkdf-btn-hover-solid\"  data-hover-border-color=\"#000000\" >\n\t<span class=\"mkdf-btn-text\">NUESTROS PAQUETES TODO INCLUIDO<\/span>\n\t\n\t\t\t<span class=\"mkdf-btn-helper\" ><\/span>\n\t<\/a>[vc_empty_space]\t\t<\/div>\n\t<\/div>\n<\/div><\/div>\n","protected":false},"excerpt":{"rendered":"<p>[vc_row][vc_column][vc_column_text] [\/vc_column_text][\/vc_column][\/vc_row][vc_row][vc_column width=\u00bb1\/3&#8243;][\/vc_column][vc_column width=\u00bb1\/3&#8243;][\/vc_column][vc_column width=\u00bb1\/3&#8243;][\/vc_column][\/vc_row][vc_row][vc_column][vc_empty_space][\/vc_column][\/vc_row][vc_row][vc_column width=\u00bb1\/3&#8243;][\/vc_column][vc_column width=\u00bb1\/3&#8243;][\/vc_column][vc_column width=\u00bb1\/3&#8243;][\/vc_column][\/vc_row][vc_row][vc_column][vc_empty_space height=\u00bb64px\u00bb][\/vc_column][\/vc_row][vc_row][vc_column width=\u00bb1\/3&#8243;][\/vc_column][vc_column width=\u00bb1\/3&#8243;][\/vc_column][vc_column width=\u00bb1\/3&#8243;][\/vc_column][\/vc_row][vc_row][vc_column][vc_empty_space height=\u00bb64px\u00bb][\/vc_column][\/vc_row][vc_row][vc_column width=\u00bb1\/3&#8243;][\/vc_column][vc_column width=\u00bb1\/3&#8243;][\/vc_column][vc_column width=\u00bb1\/3&#8243;][\/vc_column][\/vc_row][vc_row][vc_column][vc_column_text] &nbsp; [\/vc_column_text][\/vc_column][\/vc_row][vc_row css=\u00bb.vc_custom_1478770546349{padding-bottom: 144px !important;}\u00bb][\/vc_row][vc_column width=\u00bb1\/6&#8243;][\/vc_column][vc_column width=\u00bb2\/3&#8243;][\/vc_column][vc_column_text css=\u00bb.vc_custom_1668295154021{padding-right: 20px !important;padding-left: 20px !important;}\u00bb] Planifiquemos Juntos tu Boda en Par\u00eds. Creemos que cada elopement wedding es \u00fanico y no podemos esperar [&hellip;]<\/p>\n","protected":false},"author":1,"featured_media":12334,"parent":0,"menu_order":0,"comment_status":"closed","ping_status":"closed","template":"","meta":{"footnotes":""},"class_list":["post-12223","page","type-page","status-publish","has-post-thumbnail","hentry"],"yoast_head":"<!-- This site is optimized with the Yoast SEO plugin v25.2 - https:\/\/yoast.com\/wordpress\/plugins\/seo\/ -->\n<title>BODA EN PARIS - Personalizamos tu boda en Paris<\/title>\n<meta name=\"description\" content=\"Tenemos un equipo de personas maravillosas especializadas en diferentes servicios para ayudarte a hacer realidad tu BODA EN PARIS - Personalizamos tu boda en Paris\" \/>\n<meta name=\"robots\" content=\"index, follow, max-snippet:-1, max-image-preview:large, max-video-preview:-1\" \/>\n<link rel=\"canonical\" href=\"https:\/\/www.captourist.com\/es\/servicios-boda-en-paris\/\" \/>\n<meta property=\"og:locale\" content=\"es_ES\" \/>\n<meta property=\"og:type\" content=\"article\" \/>\n<meta property=\"og:title\" content=\"BODA EN PARIS - Personalizamos tu boda en Paris\" \/>\n<meta property=\"og:description\" content=\"Tenemos un equipo de personas maravillosas especializadas en diferentes servicios para ayudarte a hacer realidad tu BODA EN PARIS - Personalizamos tu boda en Paris\" \/>\n<meta property=\"og:url\" content=\"https:\/\/www.captourist.com\/es\/servicios-boda-en-paris\/\" \/>\n<meta property=\"og:site_name\" content=\"Captourist\" \/>\n<meta property=\"article:publisher\" content=\"https:\/\/www.facebook.com\/captourist\/\" \/>\n<meta property=\"article:modified_time\" content=\"2023-03-02T18:17:22+00:00\" \/>\n<meta property=\"og:image\" content=\"https:\/\/www.captourist.com\/wp-content\/uploads\/2022\/11\/ELOPEMENTPARIS1-min.jpg\" \/>\n\t<meta property=\"og:image:width\" content=\"700\" \/>\n\t<meta property=\"og:image:height\" content=\"920\" \/>\n\t<meta property=\"og:image:type\" content=\"image\/jpeg\" \/>\n<meta name=\"twitter:card\" content=\"summary_large_image\" \/>\n<meta name=\"twitter:site\" content=\"@captourist\" \/>\n<meta name=\"twitter:label1\" content=\"Tiempo de lectura\" \/>\n\t<meta name=\"twitter:data1\" content=\"3 minutos\" \/>\n<script type=\"application\/ld+json\" class=\"yoast-schema-graph\">{\"@context\":\"https:\/\/schema.org\",\"@graph\":[{\"@type\":\"WebPage\",\"@id\":\"https:\/\/www.captourist.com\/es\/servicios-boda-en-paris\/\",\"url\":\"https:\/\/www.captourist.com\/es\/servicios-boda-en-paris\/\",\"name\":\"BODA EN PARIS - Personalizamos tu boda en Paris\",\"isPartOf\":{\"@id\":\"https:\/\/www.captourist.com\/#website\"},\"primaryImageOfPage\":{\"@id\":\"https:\/\/www.captourist.com\/es\/servicios-boda-en-paris\/#primaryimage\"},\"image\":{\"@id\":\"https:\/\/www.captourist.com\/es\/servicios-boda-en-paris\/#primaryimage\"},\"thumbnailUrl\":\"https:\/\/www.captourist.com\/wp-content\/uploads\/2022\/11\/ELOPEMENTPARIS1-min.jpg\",\"datePublished\":\"2022-06-16T11:53:09+00:00\",\"dateModified\":\"2023-03-02T18:17:22+00:00\",\"description\":\"Tenemos un equipo de personas maravillosas especializadas en diferentes servicios para ayudarte a hacer realidad tu BODA EN PARIS - Personalizamos tu boda en Paris\",\"breadcrumb\":{\"@id\":\"https:\/\/www.captourist.com\/es\/servicios-boda-en-paris\/#breadcrumb\"},\"inLanguage\":\"es\",\"potentialAction\":[{\"@type\":\"ReadAction\",\"target\":[\"https:\/\/www.captourist.com\/es\/servicios-boda-en-paris\/\"]}]},{\"@type\":\"ImageObject\",\"inLanguage\":\"es\",\"@id\":\"https:\/\/www.captourist.com\/es\/servicios-boda-en-paris\/#primaryimage\",\"url\":\"https:\/\/www.captourist.com\/wp-content\/uploads\/2022\/11\/ELOPEMENTPARIS1-min.jpg\",\"contentUrl\":\"https:\/\/www.captourist.com\/wp-content\/uploads\/2022\/11\/ELOPEMENTPARIS1-min.jpg\",\"width\":700,\"height\":920,\"caption\":\"WEDDING PARIS\"},{\"@type\":\"BreadcrumbList\",\"@id\":\"https:\/\/www.captourist.com\/es\/servicios-boda-en-paris\/#breadcrumb\",\"itemListElement\":[{\"@type\":\"ListItem\",\"position\":1,\"name\":\"Home\",\"item\":\"https:\/\/www.captourist.com\/es\/\"},{\"@type\":\"ListItem\",\"position\":2,\"name\":\"BODA EN PARIS\"}]},{\"@type\":\"WebSite\",\"@id\":\"https:\/\/www.captourist.com\/#website\",\"url\":\"https:\/\/www.captourist.com\/\",\"name\":\"Captourist\",\"description\":\"Book a professional photographer in Europe\",\"publisher\":{\"@id\":\"https:\/\/www.captourist.com\/#organization\"},\"potentialAction\":[{\"@type\":\"SearchAction\",\"target\":{\"@type\":\"EntryPoint\",\"urlTemplate\":\"https:\/\/www.captourist.com\/?s={search_term_string}\"},\"query-input\":{\"@type\":\"PropertyValueSpecification\",\"valueRequired\":true,\"valueName\":\"search_term_string\"}}],\"inLanguage\":\"es\"},{\"@type\":\"Organization\",\"@id\":\"https:\/\/www.captourist.com\/#organization\",\"name\":\"Captourist\",\"url\":\"https:\/\/www.captourist.com\/\",\"logo\":{\"@type\":\"ImageObject\",\"inLanguage\":\"es\",\"@id\":\"https:\/\/www.captourist.com\/#\/schema\/logo\/image\/\",\"url\":\"https:\/\/www.captourist.com\/wp-content\/uploads\/2016\/04\/cropped-LOGOsite.png\",\"contentUrl\":\"https:\/\/www.captourist.com\/wp-content\/uploads\/2016\/04\/cropped-LOGOsite.png\",\"width\":512,\"height\":512,\"caption\":\"Captourist\"},\"image\":{\"@id\":\"https:\/\/www.captourist.com\/#\/schema\/logo\/image\/\"},\"sameAs\":[\"https:\/\/www.facebook.com\/captourist\/\",\"https:\/\/x.com\/captourist\",\"https:\/\/www.instagram.com\/hola.captourist\/\"]}]}<\/script>\n<!-- \/ Yoast SEO plugin. -->","yoast_head_json":{"title":"BODA EN PARIS - Personalizamos tu boda en Paris","description":"Tenemos un equipo de personas maravillosas especializadas en diferentes servicios para ayudarte a hacer realidad tu BODA EN PARIS - Personalizamos tu boda en Paris","robots":{"index":"index","follow":"follow","max-snippet":"max-snippet:-1","max-image-preview":"max-image-preview:large","max-video-preview":"max-video-preview:-1"},"canonical":"https:\/\/www.captourist.com\/es\/servicios-boda-en-paris\/","og_locale":"es_ES","og_type":"article","og_title":"BODA EN PARIS - Personalizamos tu boda en Paris","og_description":"Tenemos un equipo de personas maravillosas especializadas en diferentes servicios para ayudarte a hacer realidad tu BODA EN PARIS - Personalizamos tu boda en Paris","og_url":"https:\/\/www.captourist.com\/es\/servicios-boda-en-paris\/","og_site_name":"Captourist","article_publisher":"https:\/\/www.facebook.com\/captourist\/","article_modified_time":"2023-03-02T18:17:22+00:00","og_image":[{"width":700,"height":920,"url":"https:\/\/www.captourist.com\/wp-content\/uploads\/2022\/11\/ELOPEMENTPARIS1-min.jpg","type":"image\/jpeg"}],"twitter_card":"summary_large_image","twitter_site":"@captourist","twitter_misc":{"Tiempo de lectura":"3 minutos"},"schema":{"@context":"https:\/\/schema.org","@graph":[{"@type":"WebPage","@id":"https:\/\/www.captourist.com\/es\/servicios-boda-en-paris\/","url":"https:\/\/www.captourist.com\/es\/servicios-boda-en-paris\/","name":"BODA EN PARIS - Personalizamos tu boda en Paris","isPartOf":{"@id":"https:\/\/www.captourist.com\/#website"},"primaryImageOfPage":{"@id":"https:\/\/www.captourist.com\/es\/servicios-boda-en-paris\/#primaryimage"},"image":{"@id":"https:\/\/www.captourist.com\/es\/servicios-boda-en-paris\/#primaryimage"},"thumbnailUrl":"https:\/\/www.captourist.com\/wp-content\/uploads\/2022\/11\/ELOPEMENTPARIS1-min.jpg","datePublished":"2022-06-16T11:53:09+00:00","dateModified":"2023-03-02T18:17:22+00:00","description":"Tenemos un equipo de personas maravillosas especializadas en diferentes servicios para ayudarte a hacer realidad tu BODA EN PARIS - Personalizamos tu boda en Paris","breadcrumb":{"@id":"https:\/\/www.captourist.com\/es\/servicios-boda-en-paris\/#breadcrumb"},"inLanguage":"es","potentialAction":[{"@type":"ReadAction","target":["https:\/\/www.captourist.com\/es\/servicios-boda-en-paris\/"]}]},{"@type":"ImageObject","inLanguage":"es","@id":"https:\/\/www.captourist.com\/es\/servicios-boda-en-paris\/#primaryimage","url":"https:\/\/www.captourist.com\/wp-content\/uploads\/2022\/11\/ELOPEMENTPARIS1-min.jpg","contentUrl":"https:\/\/www.captourist.com\/wp-content\/uploads\/2022\/11\/ELOPEMENTPARIS1-min.jpg","width":700,"height":920,"caption":"WEDDING PARIS"},{"@type":"BreadcrumbList","@id":"https:\/\/www.captourist.com\/es\/servicios-boda-en-paris\/#breadcrumb","itemListElement":[{"@type":"ListItem","position":1,"name":"Home","item":"https:\/\/www.captourist.com\/es\/"},{"@type":"ListItem","position":2,"name":"BODA EN PARIS"}]},{"@type":"WebSite","@id":"https:\/\/www.captourist.com\/#website","url":"https:\/\/www.captourist.com\/","name":"Captourist","description":"Book a professional photographer in Europe","publisher":{"@id":"https:\/\/www.captourist.com\/#organization"},"potentialAction":[{"@type":"SearchAction","target":{"@type":"EntryPoint","urlTemplate":"https:\/\/www.captourist.com\/?s={search_term_string}"},"query-input":{"@type":"PropertyValueSpecification","valueRequired":true,"valueName":"search_term_string"}}],"inLanguage":"es"},{"@type":"Organization","@id":"https:\/\/www.captourist.com\/#organization","name":"Captourist","url":"https:\/\/www.captourist.com\/","logo":{"@type":"ImageObject","inLanguage":"es","@id":"https:\/\/www.captourist.com\/#\/schema\/logo\/image\/","url":"https:\/\/www.captourist.com\/wp-content\/uploads\/2016\/04\/cropped-LOGOsite.png","contentUrl":"https:\/\/www.captourist.com\/wp-content\/uploads\/2016\/04\/cropped-LOGOsite.png","width":512,"height":512,"caption":"Captourist"},"image":{"@id":"https:\/\/www.captourist.com\/#\/schema\/logo\/image\/"},"sameAs":["https:\/\/www.facebook.com\/captourist\/","https:\/\/x.com\/captourist","https:\/\/www.instagram.com\/hola.captourist\/"]}]}},"_links":{"self":[{"href":"https:\/\/www.captourist.com\/es\/wp-json\/wp\/v2\/pages\/12223"}],"collection":[{"href":"https:\/\/www.captourist.com\/es\/wp-json\/wp\/v2\/pages"}],"about":[{"href":"https:\/\/www.captourist.com\/es\/wp-json\/wp\/v2\/types\/page"}],"author":[{"embeddable":true,"href":"https:\/\/www.captourist.com\/es\/wp-json\/wp\/v2\/users\/1"}],"replies":[{"embeddable":true,"href":"https:\/\/www.captourist.com\/es\/wp-json\/wp\/v2\/comments?post=12223"}],"version-history":[{"count":21,"href":"https:\/\/www.captourist.com\/es\/wp-json\/wp\/v2\/pages\/12223\/revisions"}],"predecessor-version":[{"id":12703,"href":"https:\/\/www.captourist.com\/es\/wp-json\/wp\/v2\/pages\/12223\/revisions\/12703"}],"wp:featuredmedia":[{"embeddable":true,"href":"https:\/\/www.captourist.com\/es\/wp-json\/wp\/v2\/media\/12334"}],"wp:attachment":[{"href":"https:\/\/www.captourist.com\/es\/wp-json\/wp\/v2\/media?parent=12223"}],"curies":[{"name":"wp","href":"https:\/\/api.w.org\/{rel}","templated":true}]}}